{"id":60,"date":"2019-12-30T17:15:59","date_gmt":"2019-12-30T17:15:59","guid":{"rendered":"http:\/\/elementraum.de\/?page_id=60"},"modified":"2026-04-13T12:43:21","modified_gmt":"2026-04-13T11:43:21","slug":"schamanismus","status":"publish","type":"page","link":"https:\/\/elementraum.de\/?page_id=60","title":{"rendered":"Schamanismus"},"content":{"rendered":"\n<figure class=\"wp-block-image size-medium is-style-rounded\"><img loading=\"lazy\" decoding=\"async\" width=\"300\" height=\"225\" src=\"https:\/\/elementraum.de\/wp-content\/uploads\/2021\/12\/20200413_070449-300x225.jpg\" alt=\"\" class=\"wp-image-285\" srcset=\"https:\/\/elementraum.de\/wp-content\/uploads\/2021\/12\/20200413_070449-300x225.jpg 300w, https:\/\/elementraum.de\/wp-content\/uploads\/2021\/12\/20200413_070449-1024x768.jpg 1024w, https:\/\/elementraum.de\/wp-content\/uploads\/2021\/12\/20200413_070449-768x576.jpg 768w, https:\/\/elementraum.de\/wp-content\/uploads\/2021\/12\/20200413_070449-1536x1152.jpg 1536w, https:\/\/elementraum.de\/wp-content\/uploads\/2021\/12\/20200413_070449-2048x1536.jpg 2048w\" sizes=\"auto, (max-width: 300px) 100vw, 300px\" \/><\/figure>\n\n\n\n<p style=\"font-size:16px\">Das Wort Schamane stammt aus dem Tungusischen und bedeutet soviel wie &#8222;derjenige, der wei\u00df&#8220;. Es bezeichnet einen Menschen, der um die geistige Welt wei\u00df und wei\u00df, wie er mit den Geistern in Verbindung treten kann. Der Schamane kann Informationen aus der geistigen Welt in die uns bekannte Welt \u00fcbermitteln. Er fungiert so als Vermittler. Schamanen hat es immer schon in allen Kulturen gegeben. Naturv\u00f6lker, die noch heute in Verbindung mit der Natur leben haben Schamanen als Priester, Medizinmann oder Heiler. <br><br>Unser schamanisches Wissen der keltogermanischen V\u00f6lkern wurde im Mittelalter vernichtet. Wenn wir aber genau hinh\u00f6ren und hinsehen, k\u00f6nnen wir wieder neu von der Natur lernen. Dabei k\u00f6nnen wir von dem noch lebendigen Schamanentum anderer V\u00f6lker lernen und uns anregen lassen. Die heutigen &#8222;Schamanen&#8220; sind Menschen, die den Ruf versp\u00fcren der irdischen Gemeinschaft (Mensch und Natur) zu dienen und sie in ihrem Wunsch nach Heilung zu unterst\u00fctzen.<\/p>\n\n\n\n<p><br>Ich sehe mich als schamanische Seelenbegleiterin und Erdenh\u00fcterin. <br>Mit den schamanischen Techniken und dem \u2018alten\u2018 Wissen habe ich Zugang <br>zur Seele &#8230; zu meiner &#8230; zu deiner &#8230; und zu allem Beseelten. <br>Sei versichert, dass ich nur mit einem Auftrag und dem Einverst\u00e4ndnis der Seele arbeite<br>&#8211; also mit viel Achtsamkeit und Respekt.<\/p>\n\n\n\n<p><br><strong>Meine schamanische Arbeit umfasst<\/strong>:<\/p>\n\n\n\n<ul class=\"wp-block-list\">\n<li><strong>Seelen- \/ Krafttierreisen<\/strong><br>Die Krafttierreise ist eine gef\u00fchrte innere Reise, bei der du deinem pers\u00f6nlichen Krafttier begegnest. Es kann dich mit Schutz, St\u00e4rke und wertvollen Impulsen f\u00fcr deinen Lebensweg unterst\u00fctzen.<br>Seelenreisen sind innere Reisen in einem entspannten Bewusstseinszustand. In diesem Raum jenseits des Alltags k\u00f6nnen innere Bilder, Gef\u00fchle und Wahrnehmungen auftauchen, die Hinweise auf seelische Themen, blockierte Energien oder verlorene Seelenanteile geben.<br>Ich &#8222;reise&#8220; mit deiner Frage oder deinem Anliegen in die Anderswelt zu den spirituellen Helfern und bringe dir eine Antwort oder Information.<br><\/li>\n\n\n\n<li><strong>Seelenr\u00fcckholung<\/strong><br>Erlebt unsere Seele ein Trauma, so kann sie zum Selbstschutz Anteile abspalten. Wir leben weiter, f\u00fchlen uns jedoch manchmal leer und unvollst\u00e4ndig oder wir sp\u00fcren, dass etwas nicht stimmig ist. <br>Diese Seelenanteile sind nicht verloren. Ihre R\u00fcckholung kann ein wichtiger Schritt auf dem Weg zur Heilung und Ganzwerdung sein und das innere Gleichgewicht st\u00e4rken.<br><\/li>\n\n\n\n<li><strong>R\u00e4uchern<\/strong><br>Ob Wohnung, Haus oder die Aura, die deinen K\u00f6rper umgibt. Das R\u00e4uchern ist ein traditionelles Ritual und dient der feinstofflichen, energetischen Reinigung, Harmonisierung und\/oder St\u00e4rkung.<br><\/li>\n\n\n\n<li><strong>Runen<\/strong><br>Runen haben ihren Ursprung in den nordischen Kulturen. Sie gelten als kraftvolle Zeichen, die jeweils bestimmte Energien, Lebensthemen oder Entwicklungsprozesse widerspiegeln. In der Praxis werden Runen zur Selbstreflexion, Intuitionsschulung und spirituellen Orientierung genutzt. Sie k\u00f6nnen Hinweise auf aktuelle Situationen geben, innere Prozesse sichtbar machen und dir helfen den n\u00e4chsten Schritt zu tun oder eine bewusste Entscheidung zu treffen.<\/li>\n<\/ul>\n\n\n\n<p><\/p>\n\n\n\n<p><strong>Einzeltermine<\/strong><br>Die schamanische Arbeit ist \u00fcblicherweise eine Einzelarbeit, d. h. sie findet als individueller Termin statt. Dazu ist eine vorherige Terminvereinbarung erforderlich, damit ich einen entsprechend gesch\u00fctzten Raum aufbauen kann.<br>Der Einzeltermin kann hier im Elementraum oder via Telefon stattfinden.<br><br>Bitte richte deine Anfrage per Mail oder telefonisch an mich. Erkl\u00e4re mir in 2-3 S\u00e4tzen dein Anliegen und wir schauen dann gemeinsam, welche Art von Arbeit dich dabei unterst\u00fctzen kann.<\/p>\n\n\n\n<p><strong>Preise<\/strong><br>Die Geb\u00fchr f\u00fcr einen Einzeltermin betr\u00e4gt 80 \u20ac \/ Stunde. <br>Abgerechnet wird im 10 Minuten-Takt. <br>Die Mindestgeb\u00fchr betr\u00e4gt 80 \u20ac \/ Termin.<br>Bei Terminen vor Ort (z. B. Hausr\u00e4ucherung) werden Anfahrtskosten f\u00e4llig.<br><\/p>\n\n\n\n<p><\/p>\n\n\n\n<p><em><strong>Medizinischer Disclaimer:<\/strong><br>Die schamanische Arbeit ersetzt keine medizinische oder therapeutische Behandlung, kann jedoch eine wertvolle begleitende Unterst\u00fctzung sein.<br>(siehe auch <a href=\"https:\/\/elementraum.de\/?page_id=125\" data-type=\"page\" data-id=\"125\">AGB + Datenschutzerkl\u00e4rung<\/a> )<\/em><\/p>\n\n\n\n<p><\/p>\n","protected":false},"excerpt":{"rendered":"<p>Das Wort Schamane stammt aus dem Tungusischen und bedeutet soviel wie &#8222;derjenige, der wei\u00df&#8220;. Es bezeichnet einen Menschen, der um die geistige Welt wei\u00df und wei\u00df, wie er mit den Geistern in Verbindung treten kann. Der Schamane kann Informationen aus der geistigen Welt in die uns bekannte Welt \u00fcbermitteln. Er fungiert so als Vermittler. Schamanen &hellip; <\/p>\n<p class=\"link-more\"><a href=\"https:\/\/elementraum.de\/?page_id=60\" class=\"more-link\"><span class=\"screen-reader-text\">\u201eSchamanismus\u201c<\/span> weiterlesen<\/a><\/p>\n","protected":false},"author":1,"featured_media":0,"parent":0,"menu_order":0,"comment_status":"closed","ping_status":"closed","template":"","meta":{"footnotes":""},"class_list":["post-60","page","type-page","status-publish","hentry"],"_links":{"self":[{"href":"https:\/\/elementraum.de\/index.php?rest_route=\/wp\/v2\/pages\/60","targetHints":{"allow":["GET"]}}],"collection":[{"href":"https:\/\/elementraum.de\/index.php?rest_route=\/wp\/v2\/pages"}],"about":[{"href":"https:\/\/elementraum.de\/index.php?rest_route=\/wp\/v2\/types\/page"}],"author":[{"embeddable":true,"href":"https:\/\/elementraum.de\/index.php?rest_route=\/wp\/v2\/users\/1"}],"replies":[{"embeddable":true,"href":"https:\/\/elementraum.de\/index.php?rest_route=%2Fwp%2Fv2%2Fcomments&post=60"}],"version-history":[{"count":19,"href":"https:\/\/elementraum.de\/index.php?rest_route=\/wp\/v2\/pages\/60\/revisions"}],"predecessor-version":[{"id":609,"href":"https:\/\/elementraum.de\/index.php?rest_route=\/wp\/v2\/pages\/60\/revisions\/609"}],"wp:attachment":[{"href":"https:\/\/elementraum.de\/index.php?rest_route=%2Fwp%2Fv2%2Fmedia&parent=60"}],"curies":[{"name":"wp","href":"https:\/\/api.w.org\/{rel}","templated":true}]}}