{"id":59,"date":"2019-12-30T17:15:59","date_gmt":"2019-12-30T17:15:59","guid":{"rendered":"http:\/\/elementraum.de\/?page_id=59"},"modified":"2026-04-13T12:26:39","modified_gmt":"2026-04-13T11:26:39","slug":"meditation","status":"publish","type":"page","link":"https:\/\/elementraum.de\/?page_id=59","title":{"rendered":"Meditation"},"content":{"rendered":"\n<figure class=\"wp-block-image size-full is-resized\"><img loading=\"lazy\" decoding=\"async\" width=\"2375\" height=\"1135\" src=\"https:\/\/elementraum.de\/wp-content\/uploads\/2026\/02\/Meditation_Bild1-1.jpg\" alt=\"\" class=\"wp-image-589\" style=\"aspect-ratio:2.092764319233675;width:540px;height:auto\" srcset=\"https:\/\/elementraum.de\/wp-content\/uploads\/2026\/02\/Meditation_Bild1-1.jpg 2375w, https:\/\/elementraum.de\/wp-content\/uploads\/2026\/02\/Meditation_Bild1-1-300x143.jpg 300w, https:\/\/elementraum.de\/wp-content\/uploads\/2026\/02\/Meditation_Bild1-1-1024x489.jpg 1024w, https:\/\/elementraum.de\/wp-content\/uploads\/2026\/02\/Meditation_Bild1-1-768x367.jpg 768w, https:\/\/elementraum.de\/wp-content\/uploads\/2026\/02\/Meditation_Bild1-1-1536x734.jpg 1536w, https:\/\/elementraum.de\/wp-content\/uploads\/2026\/02\/Meditation_Bild1-1-2048x979.jpg 2048w\" sizes=\"auto, (max-width: 706px) 89vw, (max-width: 767px) 82vw, 740px\" \/><\/figure>\n\n\n\n<p><strong>Meditation<\/strong><br>(tibetisch: vertraut werden mit \/ Sanskrit: das Selbst kultivieren) <\/p>\n\n\n\n<p>Meditation ist mehr als nur eine Entspannungstechnik. Sie hilft dir dein wahres Selbst zu finden und zu leben &#8211; bewusst zu leben. In der Meditation hast du die M\u00f6glichkeit deine innere Welt kennenzulernen. Den meisten Menschen ist nicht bewusst, welch gro\u00dfen Schatz sie in sich tragen. Geh auf Entdeckungsreise &#8230;<\/p>\n\n\n\n<p> Meditation schult auch den Geist und f\u00fchrt so zu mehr <br> Ruhe, Gelassenheit und Zufriedenheit. <br> Diese Wirkung erh\u00f6ht sich mit regelm\u00e4\u00dfiger \u00dcbung.  <\/p>\n\n\n\n<p> Meditieren kann man nicht nur im Sitzen oder Liegen. Auch sanfte Bewegung ist erlaubt                                  und m\u00f6glich.  <br> Bist du neugierig die verschiedenen Formen der Meditation kennenzulernen? <br> Zu dir selbst zu finden? <br> Oder suchst du einfach nur mal Zeit zum Abschalten? <\/p>\n\n\n\n<p>Abwechslungsreiche Meditationen in offener Gruppe (kein Kurs).<\/p>\n\n\n\n<p><strong>Mittwochs um 20 Uhr<\/strong><\/p>\n\n\n\n<p>Einstieg jederzeit m\u00f6glich.<br>Anmeldung erforderlich, da Teilnehmerzahl begrenzt. <\/p>\n\n\n\n<p>Teilnahmegeb\u00fchr:     10 \u20ac<br>10er Karte:                    90 \u20ac<\/p>\n\n\n\n<figure class=\"wp-block-image size-medium is-style-rounded\"><img loading=\"lazy\" decoding=\"async\" width=\"300\" height=\"225\" src=\"https:\/\/elementraum.de\/wp-content\/uploads\/2020\/01\/IMG-20181104-WA0049-300x225.jpg\" alt=\"\" class=\"wp-image-194\" srcset=\"https:\/\/elementraum.de\/wp-content\/uploads\/2020\/01\/IMG-20181104-WA0049-300x225.jpg 300w, https:\/\/elementraum.de\/wp-content\/uploads\/2020\/01\/IMG-20181104-WA0049-768x576.jpg 768w, https:\/\/elementraum.de\/wp-content\/uploads\/2020\/01\/IMG-20181104-WA0049.jpg 1024w\" sizes=\"auto, (max-width: 300px) 100vw, 300px\" \/><\/figure>\n\n\n\n<p class=\"has-vivid-green-cyan-color has-text-color has-small-font-size\"><em><strong>Meditation<\/strong><\/em><\/p>\n\n\n\n<p class=\"has-vivid-green-cyan-color has-text-color has-small-font-size\"><em>&#8230; l\u00e4sst mich ganz bei mir sein,<br>mich sp\u00fcren &#8230;<br>meinen Atem, der mich n\u00e4hrt<br>meinen K\u00f6rper, der mich tr\u00e4gt<br>meine Gef\u00fchle, die mich bewegen<br>mein Herz, das in mir und f\u00fcr mich schl\u00e4gt.<\/em><\/p>\n\n\n\n<p class=\"has-vivid-green-cyan-color has-text-color has-small-font-size\"><em>&#8230; l\u00e4sst mich eintauchen in meine Welt,<br>meine Welt, die ich mir kreiere.<br>Eine Welt inmitten der Natur<br>Blumen, Pflanzen, B\u00e4ume,<br><\/em>Wasser, <em>Erde, Steine,<br>Sonne, Mond, Sterne,<br>alle Lebewesen &#8211; Tiere und Mensch<\/em><br><em>voller Achtsamkeit &#8230; einander achtend<\/em><br><em>wertsch\u00e4tzend und anerkennend<br>voller Liebe &#8230; liebevoll.<\/em><\/p>\n\n\n\n<p class=\"has-text-align-left has-vivid-green-cyan-color has-text-color has-small-font-size\"><em>In dieses Paradies darf ich eintauchen.<br>Dort darf ich mich erholen und Kraft tanken.<\/em><br><\/p>\n\n\n\n<p class=\"has-text-align-center has-vivid-green-cyan-color has-text-color\" style=\"font-size:12px\">  <em>(Cornelia 2019)<\/em>  <\/p>\n\n\n\n<p class=\"has-normal-font-size\"><br><br>Finde auch du deinen Ort zum Wohlf\u00fchlen.<br>Wie mag er wohl aussehen?<br>Gib dir den Raum und die Zeit deine Oase zu finden.<br>Mit etwas \u00dcbung kannst du auch im Alltag immer wieder dorthin abtauchen, <br>dich zur\u00fcckziehen und auftanken.<br><br>Die Gewissheit, dass es diesen Ort gibt schenkt dir Kraft.<\/p>\n\n\n\n<p>Nutze dieses Geschenk.<br>Erfahre es in der Meditation, in deiner Mitte.<\/p>\n\n\n\n<p><\/p>\n","protected":false},"excerpt":{"rendered":"<p>Meditation(tibetisch: vertraut werden mit \/ Sanskrit: das Selbst kultivieren) Meditation ist mehr als nur eine Entspannungstechnik. Sie hilft dir dein wahres Selbst zu finden und zu leben &#8211; bewusst zu leben. In der Meditation hast du die M\u00f6glichkeit deine innere Welt kennenzulernen. Den meisten Menschen ist nicht bewusst, welch gro\u00dfen Schatz sie in sich tragen. &hellip; <\/p>\n<p class=\"link-more\"><a href=\"https:\/\/elementraum.de\/?page_id=59\" class=\"more-link\"><span class=\"screen-reader-text\">\u201eMeditation\u201c<\/span> weiterlesen<\/a><\/p>\n","protected":false},"author":1,"featured_media":0,"parent":0,"menu_order":0,"comment_status":"closed","ping_status":"closed","template":"","meta":{"footnotes":""},"class_list":["post-59","page","type-page","status-publish","hentry"],"_links":{"self":[{"href":"https:\/\/elementraum.de\/index.php?rest_route=\/wp\/v2\/pages\/59","targetHints":{"allow":["GET"]}}],"collection":[{"href":"https:\/\/elementraum.de\/index.php?rest_route=\/wp\/v2\/pages"}],"about":[{"href":"https:\/\/elementraum.de\/index.php?rest_route=\/wp\/v2\/types\/page"}],"author":[{"embeddable":true,"href":"https:\/\/elementraum.de\/index.php?rest_route=\/wp\/v2\/users\/1"}],"replies":[{"embeddable":true,"href":"https:\/\/elementraum.de\/index.php?rest_route=%2Fwp%2Fv2%2Fcomments&post=59"}],"version-history":[{"count":18,"href":"https:\/\/elementraum.de\/index.php?rest_route=\/wp\/v2\/pages\/59\/revisions"}],"predecessor-version":[{"id":607,"href":"https:\/\/elementraum.de\/index.php?rest_route=\/wp\/v2\/pages\/59\/revisions\/607"}],"wp:attachment":[{"href":"https:\/\/elementraum.de\/index.php?rest_route=%2Fwp%2Fv2%2Fmedia&parent=59"}],"curies":[{"name":"wp","href":"https:\/\/api.w.org\/{rel}","templated":true}]}}