{"id":546,"date":"2026-01-15T13:36:59","date_gmt":"2026-01-15T12:36:59","guid":{"rendered":"https:\/\/elementraum.de\/?page_id=546"},"modified":"2026-01-15T13:36:59","modified_gmt":"2026-01-15T12:36:59","slug":"produkte-shop","status":"publish","type":"page","link":"https:\/\/elementraum.de\/?page_id=546","title":{"rendered":"Produkte \/ Shop"},"content":{"rendered":"\n<figure class=\"wp-block-image size-large\"><img loading=\"lazy\" decoding=\"async\" width=\"1024\" height=\"743\" src=\"https:\/\/elementraum.de\/wp-content\/uploads\/2026\/01\/Plakat_Produkte_v5_Rahmen-1-1024x743.jpg\" alt=\"\" class=\"wp-image-549\" srcset=\"https:\/\/elementraum.de\/wp-content\/uploads\/2026\/01\/Plakat_Produkte_v5_Rahmen-1-1024x743.jpg 1024w, https:\/\/elementraum.de\/wp-content\/uploads\/2026\/01\/Plakat_Produkte_v5_Rahmen-1-300x218.jpg 300w, https:\/\/elementraum.de\/wp-content\/uploads\/2026\/01\/Plakat_Produkte_v5_Rahmen-1-768x557.jpg 768w, https:\/\/elementraum.de\/wp-content\/uploads\/2026\/01\/Plakat_Produkte_v5_Rahmen-1-1536x1115.jpg 1536w, https:\/\/elementraum.de\/wp-content\/uploads\/2026\/01\/Plakat_Produkte_v5_Rahmen-1-2048x1486.jpg 2048w\" sizes=\"auto, (max-width: 706px) 89vw, (max-width: 767px) 82vw, 740px\" \/><\/figure>\n\n\n\n<p>Alle Produkte werden von mir selbst hergestellt. Ich verwende daf\u00fcr Obst, Gem\u00fcse und Kr\u00e4uter aus meinem eigenen Garten sowie sorgf\u00e4ltig gesammelte Wildkr\u00e4uter aus der Natur. Die wenigen Zutaten, die ich zukaufe, sind aus biologischer bzw. \u00f6kologischer Qualit\u00e4t.<\/p>\n\n\n\n<p>Bestellungen bitte per Mail an cornelia@elementraum.de<\/p>\n\n\n\n<figure class=\"wp-block-image size-large\"><img loading=\"lazy\" decoding=\"async\" width=\"825\" height=\"1024\" src=\"https:\/\/elementraum.de\/wp-content\/uploads\/2026\/01\/Produktkatalog-1_web-825x1024.jpg\" alt=\"\" class=\"wp-image-552\" srcset=\"https:\/\/elementraum.de\/wp-content\/uploads\/2026\/01\/Produktkatalog-1_web-825x1024.jpg 825w, https:\/\/elementraum.de\/wp-content\/uploads\/2026\/01\/Produktkatalog-1_web-242x300.jpg 242w, https:\/\/elementraum.de\/wp-content\/uploads\/2026\/01\/Produktkatalog-1_web-768x953.jpg 768w, https:\/\/elementraum.de\/wp-content\/uploads\/2026\/01\/Produktkatalog-1_web-1238x1536.jpg 1238w, https:\/\/elementraum.de\/wp-content\/uploads\/2026\/01\/Produktkatalog-1_web-1650x2048.jpg 1650w\" sizes=\"auto, (max-width: 706px) 89vw, (max-width: 767px) 82vw, 740px\" \/><\/figure>\n\n\n\n<figure class=\"wp-block-image size-large\"><img loading=\"lazy\" decoding=\"async\" width=\"876\" height=\"1024\" src=\"https:\/\/elementraum.de\/wp-content\/uploads\/2026\/01\/Produktkatalog-2_web-876x1024.jpg\" alt=\"\" class=\"wp-image-553\" srcset=\"https:\/\/elementraum.de\/wp-content\/uploads\/2026\/01\/Produktkatalog-2_web-876x1024.jpg 876w, https:\/\/elementraum.de\/wp-content\/uploads\/2026\/01\/Produktkatalog-2_web-257x300.jpg 257w, https:\/\/elementraum.de\/wp-content\/uploads\/2026\/01\/Produktkatalog-2_web-768x898.jpg 768w, https:\/\/elementraum.de\/wp-content\/uploads\/2026\/01\/Produktkatalog-2_web-1314x1536.jpg 1314w, https:\/\/elementraum.de\/wp-content\/uploads\/2026\/01\/Produktkatalog-2_web-1751x2048.jpg 1751w\" sizes=\"auto, (max-width: 706px) 89vw, (max-width: 767px) 82vw, 740px\" \/><\/figure>\n\n\n\n<figure class=\"wp-block-image size-large\"><img loading=\"lazy\" decoding=\"async\" width=\"862\" height=\"1024\" src=\"https:\/\/elementraum.de\/wp-content\/uploads\/2026\/01\/Produktkatalog-3_web-862x1024.jpg\" alt=\"\" class=\"wp-image-554\" srcset=\"https:\/\/elementraum.de\/wp-content\/uploads\/2026\/01\/Produktkatalog-3_web-862x1024.jpg 862w, https:\/\/elementraum.de\/wp-content\/uploads\/2026\/01\/Produktkatalog-3_web-252x300.jpg 252w, https:\/\/elementraum.de\/wp-content\/uploads\/2026\/01\/Produktkatalog-3_web-768x913.jpg 768w, https:\/\/elementraum.de\/wp-content\/uploads\/2026\/01\/Produktkatalog-3_web-1293x1536.jpg 1293w, https:\/\/elementraum.de\/wp-content\/uploads\/2026\/01\/Produktkatalog-3_web-1723x2048.jpg 1723w\" sizes=\"auto, (max-width: 706px) 89vw, (max-width: 767px) 82vw, 740px\" \/><\/figure>\n\n\n\n<figure class=\"wp-block-image size-large\"><img loading=\"lazy\" decoding=\"async\" width=\"1024\" height=\"953\" src=\"https:\/\/elementraum.de\/wp-content\/uploads\/2026\/01\/Produktkatalog-4_web-1024x953.jpg\" alt=\"\" class=\"wp-image-555\" srcset=\"https:\/\/elementraum.de\/wp-content\/uploads\/2026\/01\/Produktkatalog-4_web-1024x953.jpg 1024w, https:\/\/elementraum.de\/wp-content\/uploads\/2026\/01\/Produktkatalog-4_web-300x279.jpg 300w, https:\/\/elementraum.de\/wp-content\/uploads\/2026\/01\/Produktkatalog-4_web-768x715.jpg 768w, https:\/\/elementraum.de\/wp-content\/uploads\/2026\/01\/Produktkatalog-4_web-1536x1429.jpg 1536w, https:\/\/elementraum.de\/wp-content\/uploads\/2026\/01\/Produktkatalog-4_web-2048x1906.jpg 2048w\" sizes=\"auto, (max-width: 706px) 89vw, (max-width: 767px) 82vw, 740px\" \/><\/figure>\n","protected":false},"excerpt":{"rendered":"<p>Alle Produkte werden von mir selbst hergestellt. Ich verwende daf\u00fcr Obst, Gem\u00fcse und Kr\u00e4uter aus meinem eigenen Garten sowie sorgf\u00e4ltig gesammelte Wildkr\u00e4uter aus der Natur. Die wenigen Zutaten, die ich zukaufe, sind aus biologischer bzw. \u00f6kologischer Qualit\u00e4t. Bestellungen bitte per Mail an cornelia@elementraum.de<\/p>\n","protected":false},"author":1,"featured_media":0,"parent":0,"menu_order":0,"comment_status":"closed","ping_status":"closed","template":"","meta":{"footnotes":""},"class_list":["post-546","page","type-page","status-publish","hentry"],"_links":{"self":[{"href":"https:\/\/elementraum.de\/index.php?rest_route=\/wp\/v2\/pages\/546","targetHints":{"allow":["GET"]}}],"collection":[{"href":"https:\/\/elementraum.de\/index.php?rest_route=\/wp\/v2\/pages"}],"about":[{"href":"https:\/\/elementraum.de\/index.php?rest_route=\/wp\/v2\/types\/page"}],"author":[{"embeddable":true,"href":"https:\/\/elementraum.de\/index.php?rest_route=\/wp\/v2\/users\/1"}],"replies":[{"embeddable":true,"href":"https:\/\/elementraum.de\/index.php?rest_route=%2Fwp%2Fv2%2Fcomments&post=546"}],"version-history":[{"count":1,"href":"https:\/\/elementraum.de\/index.php?rest_route=\/wp\/v2\/pages\/546\/revisions"}],"predecessor-version":[{"id":556,"href":"https:\/\/elementraum.de\/index.php?rest_route=\/wp\/v2\/pages\/546\/revisions\/556"}],"wp:attachment":[{"href":"https:\/\/elementraum.de\/index.php?rest_route=%2Fwp%2Fv2%2Fmedia&parent=546"}],"curies":[{"name":"wp","href":"https:\/\/api.w.org\/{rel}","templated":true}]}}