{"id":52,"date":"2019-12-30T16:55:41","date_gmt":"2019-12-30T16:55:41","guid":{"rendered":"http:\/\/elementraum.de\/?page_id=52"},"modified":"2026-04-13T12:51:29","modified_gmt":"2026-04-13T11:51:29","slug":"ueber-mich","status":"publish","type":"page","link":"https:\/\/elementraum.de\/?page_id=52","title":{"rendered":"\u00dcber mich"},"content":{"rendered":"\n<figure class=\"wp-block-image size-large is-resized\"><img loading=\"lazy\" decoding=\"async\" width=\"686\" height=\"1024\" src=\"https:\/\/elementraum.de\/wp-content\/uploads\/2026\/04\/20240622_162023_2-2-686x1024.jpg\" alt=\"\" class=\"wp-image-616\" style=\"aspect-ratio:0.6699246387439592;width:299px;height:auto\" srcset=\"https:\/\/elementraum.de\/wp-content\/uploads\/2026\/04\/20240622_162023_2-2-686x1024.jpg 686w, https:\/\/elementraum.de\/wp-content\/uploads\/2026\/04\/20240622_162023_2-2-201x300.jpg 201w, https:\/\/elementraum.de\/wp-content\/uploads\/2026\/04\/20240622_162023_2-2-768x1146.jpg 768w, https:\/\/elementraum.de\/wp-content\/uploads\/2026\/04\/20240622_162023_2-2-1029x1536.jpg 1029w, https:\/\/elementraum.de\/wp-content\/uploads\/2026\/04\/20240622_162023_2-2-1372x2048.jpg 1372w, https:\/\/elementraum.de\/wp-content\/uploads\/2026\/04\/20240622_162023_2-2-scaled.jpg 1715w\" sizes=\"auto, (max-width: 686px) 100vw, 686px\" \/><\/figure>\n\n\n\n<p class=\"has-text-align-center\" style=\"font-size:14px\">           <em>Bereits in fr\u00fchester Jugend sp\u00fcrte ich, dass in unserem Universum  deutlich mehr existiert als das, was wir mit unseren Augen sehen oder mit unserem Verstand erkl\u00e4ren k\u00f6nnen  &#8211;  aber das war nicht gesellschaftsf\u00e4hig.<br>Dennoch waren es die Geistwesen und spirituellen Helfer, die mir in meinem Leben oft weitergeholfen haben  &#8211;  heimlich.<br><br><strong>&#8222;Sei du selbst die Ver\u00e4nderung, die du dir f\u00fcr diese Welt w\u00fcnscht.&#8220;<\/strong><br>Dieser Satz des Dalai Lama hat mein Leben schlie\u00dflich ver\u00e4ndert. <br>Ich bin nun bereit meinen spirituellen Weg zu gehen und dem Ruf meines Herzen zu folgen.<br><br>Der Schamanismus und die Heilkr\u00e4uterkunde verbinden mich mit der Natur und allem was ist. In der Meditation komme ich ganz zu mir finde Ruhe und Ausgeglichenheit  in meiner Mitte. So kann ich vertrauensvoll mein Herz \u00f6ffnen und  der Welt um mich herum begegnen. Immer wieder darf ich dadurch wundervolle und bewegende Begebenheiten erleben. <br><br>Mit meiner Arbeit m\u00f6chte ich dazu beitragen, dass immer mehr Menschen ihre innere Mitte finden und ihr Herz \u00f6ffnen. Je mehr Menschen diese Herzensenergie in die Welt tragen, um so weiter verbreitet sie sich, denn sie ist ansteckend. Und da nach schamanischer Sicht alles miteinander verbunden ist, breitet sich diese Energie auch auf unsere gesamte Umwelt aus. <br><br>Lasst uns die Welt wieder heilen.<\/em><\/p>\n\n\n\n<p class=\"has-text-align-center\" style=\"text-decoration:none\"><\/p>\n\n\n<div class=\"wp-block-image\">\n<figure class=\"aligncenter size-full is-resized\"><img loading=\"lazy\" decoding=\"async\" width=\"723\" height=\"755\" src=\"https:\/\/elementraum.de\/wp-content\/uploads\/2019\/12\/Logo_E_klein-2.png\" alt=\"\" class=\"wp-image-109\" style=\"width:181px;height:189px\" srcset=\"https:\/\/elementraum.de\/wp-content\/uploads\/2019\/12\/Logo_E_klein-2.png 723w, https:\/\/elementraum.de\/wp-content\/uploads\/2019\/12\/Logo_E_klein-2-287x300.png 287w\" sizes=\"auto, (max-width: 723px) 100vw, 723px\" \/><\/figure>\n<\/div>\n\n\n<p><\/p>\n\n\n\n<p class=\"has-text-color\" style=\"color:#8c96a0;font-size:14px;font-style:italic;font-weight:500\">Vita<em><mark style=\"background-color:rgba(0, 0, 0, 0)\" class=\"has-inline-color has-cyan-bluish-gray-color\"><br><br><\/mark><\/em>2017-2019 Schamanische Ausbildung und Initiation<br><br>2019 Ausbildung Meditationslehrerin<br><br>2020-2021 Ausbildung Systemische Familienaufstellungen<br><br>2021 Ausbildung Heilkr\u00e4uterp\u00e4dagogin<\/p>\n\n\n\n<p class=\"has-text-color\" style=\"color:#8c96a0;font-size:14px;font-style:italic;font-weight:500\">2022 Runenausbildung<br><br>2024 Gemmotherapie<br><br>2024 Baumheilkunde<\/p>\n\n\n\n<p><\/p>\n\n\n\n<p class=\"has-text-color\" style=\"color:#8c96a0;font-size:14px;font-style:italic;font-weight:500\"><\/p>\n\n\n\n<p><\/p>\n\n\n\n<p><\/p>\n\n\n\n<p><\/p>\n\n\n\n<p class=\"has-small-font-size\"><em><span class=\"has-inline-color has-cyan-bluish-gray-color\"><\/span><\/em><\/p>\n","protected":false},"excerpt":{"rendered":"<p>Bereits in fr\u00fchester Jugend sp\u00fcrte ich, dass in unserem Universum deutlich mehr existiert als das, was wir mit unseren Augen sehen oder mit unserem Verstand erkl\u00e4ren k\u00f6nnen &#8211; aber das war nicht gesellschaftsf\u00e4hig.Dennoch waren es die Geistwesen und spirituellen Helfer, die mir in meinem Leben oft weitergeholfen haben &#8211; heimlich. &#8222;Sei du selbst die Ver\u00e4nderung, &hellip; <\/p>\n<p class=\"link-more\"><a href=\"https:\/\/elementraum.de\/?page_id=52\" class=\"more-link\"><span class=\"screen-reader-text\">\u201e\u00dcber mich\u201c<\/span> weiterlesen<\/a><\/p>\n","protected":false},"author":1,"featured_media":0,"parent":0,"menu_order":0,"comment_status":"closed","ping_status":"closed","template":"","meta":{"footnotes":""},"class_list":["post-52","page","type-page","status-publish","hentry"],"_links":{"self":[{"href":"https:\/\/elementraum.de\/index.php?rest_route=\/wp\/v2\/pages\/52","targetHints":{"allow":["GET"]}}],"collection":[{"href":"https:\/\/elementraum.de\/index.php?rest_route=\/wp\/v2\/pages"}],"about":[{"href":"https:\/\/elementraum.de\/index.php?rest_route=\/wp\/v2\/types\/page"}],"author":[{"embeddable":true,"href":"https:\/\/elementraum.de\/index.php?rest_route=\/wp\/v2\/users\/1"}],"replies":[{"embeddable":true,"href":"https:\/\/elementraum.de\/index.php?rest_route=%2Fwp%2Fv2%2Fcomments&post=52"}],"version-history":[{"count":14,"href":"https:\/\/elementraum.de\/index.php?rest_route=\/wp\/v2\/pages\/52\/revisions"}],"predecessor-version":[{"id":618,"href":"https:\/\/elementraum.de\/index.php?rest_route=\/wp\/v2\/pages\/52\/revisions\/618"}],"wp:attachment":[{"href":"https:\/\/elementraum.de\/index.php?rest_route=%2Fwp%2Fv2%2Fmedia&parent=52"}],"curies":[{"name":"wp","href":"https:\/\/api.w.org\/{rel}","templated":true}]}}