{"id":319,"date":"2022-11-23T21:31:29","date_gmt":"2022-11-23T20:31:29","guid":{"rendered":"https:\/\/elementraum.de\/?page_id=319"},"modified":"2026-04-13T12:44:43","modified_gmt":"2026-04-13T11:44:43","slug":"seminare","status":"publish","type":"page","link":"https:\/\/elementraum.de\/?page_id=319","title":{"rendered":"Seminare"},"content":{"rendered":"<div class=\"wp-block-image\">\n<figure class=\"alignleft size-large is-resized\"><img loading=\"lazy\" decoding=\"async\" width=\"2560\" height=\"1920\" src=\"https:\/\/elementraum.de\/wp-content\/uploads\/2024\/05\/20230115_132137-edited-scaled.jpg\" alt=\"\" class=\"wp-image-411\" style=\"width:270px;height:auto\" srcset=\"https:\/\/elementraum.de\/wp-content\/uploads\/2024\/05\/20230115_132137-edited-scaled.jpg 2560w, https:\/\/elementraum.de\/wp-content\/uploads\/2024\/05\/20230115_132137-edited-300x225.jpg 300w, https:\/\/elementraum.de\/wp-content\/uploads\/2024\/05\/20230115_132137-edited-1024x768.jpg 1024w, https:\/\/elementraum.de\/wp-content\/uploads\/2024\/05\/20230115_132137-edited-768x576.jpg 768w, https:\/\/elementraum.de\/wp-content\/uploads\/2024\/05\/20230115_132137-edited-1536x1152.jpg 1536w, https:\/\/elementraum.de\/wp-content\/uploads\/2024\/05\/20230115_132137-edited-2048x1536.jpg 2048w\" sizes=\"auto, (max-width: 706px) 89vw, (max-width: 767px) 82vw, 740px\" \/><\/figure>\n<\/div>\n\n\n<h2 class=\"wp-block-heading\"><strong><em>Schamanische Aufstellungsarbeit<\/em><\/strong><\/h2>\n\n\n\n<p><strong>Entdecke deine Verbindung zu Vergangenheit, Gegenwart und Zukunft<\/strong><br>Du bist Teil deiner Familie, deiner Ahnen, der Orte, an denen du lebst, und auch der Zeit. Diese Einfl\u00fcsse formen und pr\u00e4gen dein Leben auf vielf\u00e4ltige Weise. Einiges davon hat einen positiven Einfluss, w\u00e4hrend dich manches blockiert.<br>Schamanische Aufstellungsarbeit erm\u00f6glicht es, tiefgreifende Zusammenh\u00e4nge oder Verstrickungen zu erkennen, Blockaden zu l\u00f6sen und Ver\u00e4nderung zu erm\u00f6glichen.<br><br><strong>Entdecke deine energetischen Strukturen<\/strong><br>Erfahre, wie dir die schamanische Aufstellungsarbeit helfen kann, energetische Strukturen, Handlungsabl\u00e4ufe, Beziehungsmuster, Familienkonstellationen, Auswirkung von Raum und Zeit aufzudecken.<br><br><strong>Mache Blockaden sichbar<\/strong><br>Entdecke wie diese Methode blockierende Verbindungen und Traumata \/ Karma deutlicher sicht- und f\u00fchlbar werden l\u00e4sst.<br><br><strong>St\u00e4rke K\u00f6rper, Seele und System<\/strong><br>Erfahre, was dein System schw\u00e4cht, st\u00e4rkt und n\u00e4hrt. Davon k\u00f6nnen dein physischer K\u00f6rper, deine Seele und auch dein (Familien)System profitieren.<br><br><strong>Erfahre Ver\u00e4nderung durch Verbindung<\/strong><br>Erfahre, wie die Verbindung mit deinen Wurzeln und deinem Umfeld Heilung und Transformation erm\u00f6glichen kann.<br><br><strong>Erkenne und flie\u00dfe<\/strong><br>Schamanische Aufstellungsarbeit ist eine intensive und kraftvolle Methode, um blockierte Energien und Emotionen wieder ins Flie\u00dfen zu bringen, sich selbst tiefer zu erkennen und neue Sichtweisen zu erhalten.<\/p>\n\n\n\n<p>Termine: <a href=\"https:\/\/elementraum.de\/?page_id=209\" data-type=\"page\" data-id=\"209\">Familienaufstellung<\/a><\/p>\n\n\n<div class=\"wp-block-image\">\n<figure class=\"aligncenter size-large is-resized\"><img loading=\"lazy\" decoding=\"async\" width=\"1060\" height=\"795\" src=\"https:\/\/elementraum.de\/wp-content\/uploads\/2024\/05\/CIMG0996-edited.jpg\" alt=\"\" class=\"wp-image-412\" style=\"width:334px;height:auto\" srcset=\"https:\/\/elementraum.de\/wp-content\/uploads\/2024\/05\/CIMG0996-edited.jpg 1060w, https:\/\/elementraum.de\/wp-content\/uploads\/2024\/05\/CIMG0996-edited-300x225.jpg 300w, https:\/\/elementraum.de\/wp-content\/uploads\/2024\/05\/CIMG0996-edited-1024x768.jpg 1024w, https:\/\/elementraum.de\/wp-content\/uploads\/2024\/05\/CIMG0996-edited-768x576.jpg 768w\" sizes=\"auto, (max-width: 706px) 89vw, (max-width: 767px) 82vw, 740px\" \/><\/figure>\n<\/div>\n\n\n<p><br><\/p>\n\n\n\n<p><mark style=\"background-color:#0693e3\" class=\"has-inline-color has-black-color\"><\/mark><\/p>\n\n\n\n<h2 class=\"wp-block-heading\"><strong><em>&#8222;Ich bin &#8230;&#8220;<\/em><\/strong><\/h2>\n\n\n<div class=\"wp-block-image\">\n<figure class=\"alignleft size-large is-resized\"><img loading=\"lazy\" decoding=\"async\" width=\"1024\" height=\"549\" src=\"https:\/\/elementraum.de\/wp-content\/uploads\/2022\/11\/Titel_1-1024x549.jpg\" alt=\"\" class=\"wp-image-321\" style=\"width:270px;height:145px\" srcset=\"https:\/\/elementraum.de\/wp-content\/uploads\/2022\/11\/Titel_1-1024x549.jpg 1024w, https:\/\/elementraum.de\/wp-content\/uploads\/2022\/11\/Titel_1-300x161.jpg 300w, https:\/\/elementraum.de\/wp-content\/uploads\/2022\/11\/Titel_1-768x412.jpg 768w, https:\/\/elementraum.de\/wp-content\/uploads\/2022\/11\/Titel_1.jpg 1182w\" sizes=\"auto, (max-width: 706px) 89vw, (max-width: 767px) 82vw, 740px\" \/><figcaption class=\"wp-element-caption\">Termin: <\/figcaption><\/figure>\n<\/div>\n\n\n<p><br><strong>WER<\/strong> bin ich?<br>Wer <strong>BIN<\/strong> ich?<br>Wer bin <strong>ICH<\/strong>?<br><br>&#8230; und wer bestimmt \u00fcber mein Leben?<br><br><br><br>Oft sind wir uns unser selbst nicht bewusst. Wir definieren uns \u00fcber unsere Au\u00dfenwelt und \u00fcber materielle Werte.<br>In diesem Seminar kannst du andere Aspekte des Bewusst-Seins erkunden. Lass es zu, etwas Neues und Urspr\u00fcngliches in dir zu entdecken.<br>Erforsche dich selbst und erkenne deine Muster. Wenn du diese entlarvst, haben sie keine (so gro\u00dfe) Macht mehr \u00fcber dich.<\/p>\n\n\n<div class=\"wp-block-image\">\n<figure class=\"alignleft size-large is-resized\"><img loading=\"lazy\" decoding=\"async\" width=\"1024\" height=\"554\" src=\"https:\/\/elementraum.de\/wp-content\/uploads\/2022\/11\/Titel_2-1024x554.jpg\" alt=\"\" class=\"wp-image-322\" style=\"width:276px;height:148px\" srcset=\"https:\/\/elementraum.de\/wp-content\/uploads\/2022\/11\/Titel_2-1024x554.jpg 1024w, https:\/\/elementraum.de\/wp-content\/uploads\/2022\/11\/Titel_2-300x162.jpg 300w, https:\/\/elementraum.de\/wp-content\/uploads\/2022\/11\/Titel_2-768x416.jpg 768w, https:\/\/elementraum.de\/wp-content\/uploads\/2022\/11\/Titel_2.jpg 1182w\" sizes=\"auto, (max-width: 706px) 89vw, (max-width: 767px) 82vw, 740px\" \/><figcaption class=\"wp-element-caption\">Termin: <\/figcaption><\/figure>\n<\/div>\n\n\n<p><br><strong>W<\/strong>irklichkeit<br><strong>&nbsp; an<\/strong>nehmen<br><strong>&nbsp;&nbsp;&nbsp;&nbsp;&nbsp; de<\/strong>nken<br><strong>&nbsp;&nbsp;&nbsp;&nbsp;&nbsp;&nbsp;&nbsp;&nbsp; l<\/strong>oslassen<br><br><br><br><br><em>Das Leben folgt der Aufmerksamkeit.<\/em><\/p>\n\n\n\n<p>Womit habe ich das verdient?<br>Wieso ist mein Leben so wie es ist?<br><br>Gedankenkreisel oder die Frage nach der Schuld besch\u00e4ftigen uns un\u00adunter\u00adbrochen und f\u00fchren meist zu keinem befriedigenden Ergebnis.<br><br>Erkenne, dass du nicht der Sklave deiner Gedanken bist, dass du ihnen nicht be\u00addin\u00adgungslos ausgeliefert bist. Lass Ruhe und mehr Gelassenheit in dir einkehren.<br><\/p>\n\n\n<div class=\"wp-block-image\">\n<figure class=\"alignleft size-large is-resized\"><img loading=\"lazy\" decoding=\"async\" width=\"1024\" height=\"548\" src=\"https:\/\/elementraum.de\/wp-content\/uploads\/2022\/11\/Titel_3-1024x548.jpg\" alt=\"\" class=\"wp-image-323\" style=\"width:279px;height:148px\" srcset=\"https:\/\/elementraum.de\/wp-content\/uploads\/2022\/11\/Titel_3-1024x548.jpg 1024w, https:\/\/elementraum.de\/wp-content\/uploads\/2022\/11\/Titel_3-300x161.jpg 300w, https:\/\/elementraum.de\/wp-content\/uploads\/2022\/11\/Titel_3-768x411.jpg 768w, https:\/\/elementraum.de\/wp-content\/uploads\/2022\/11\/Titel_3.jpg 1183w\" sizes=\"auto, (max-width: 706px) 89vw, (max-width: 767px) 82vw, 740px\" \/><figcaption class=\"wp-element-caption\">Termin: <\/figcaption><\/figure>\n<\/div>\n\n\n<p class=\"has-text-align-left\"><br>Wann habe ich mich das letzte Mal im Spiegel angel\u00e4chelt?<br><br>Wer ist kritischer mit mir als ich selbst?<br><br>Wer kann mir die Liebe geben, nach der ich mich sehne?<br><br><br><br>Selbstliebe ist kein Schlag-Wort mit dem wir uns peinigen sollten. Selbstliebe ist das Sch\u00f6nste, das wir f\u00fcr uns tun k\u00f6nnen. Warum aber f\u00e4llt es uns so schwer, uns selbst zu lieben?<br>In diesem Seminar betrachtest du deine Selbst\u00adwahrnehmung, ihre Ursachen und die Perspektiven der Ver\u00e4nderung.<br>Lass uns ergr\u00fcnden, wie Selbstliebe gelingt \u2013 bedingungslos.<\/p>\n\n\n\n<p><strong>Seminarzeiten<\/strong><br>10:00 \u2013 ca. 16:00 Uhr<\/p>\n\n\n\n<p><strong>Seminargeb\u00fchr<\/strong><br>Einzel-Seminar: &nbsp;&nbsp;&nbsp;&nbsp;&nbsp;&nbsp;&nbsp;&nbsp;&nbsp;&nbsp;&nbsp;&nbsp;&nbsp;&nbsp;&nbsp;&nbsp;&nbsp;&nbsp;&nbsp;&nbsp;&nbsp;&nbsp;&nbsp;&nbsp;&nbsp;&nbsp;&nbsp;&nbsp; 89,00 \u20ac<br>Seminarreihe komplett:&nbsp;&nbsp;&nbsp;&nbsp;&nbsp;&nbsp;&nbsp;&nbsp;&nbsp;&nbsp;&nbsp;&nbsp;&nbsp; 240,00 \u20ac<\/p>\n\n\n\n<p>Teilnehmerzahl 4-6 Personen<\/p>\n\n\n\n<p>Die Seminare bauen aufeinander auf. Optimalerweise besuchst du die komplette Seminarreihe. Es ist aber durchaus m\u00f6glich die Seminare einzeln zu besuchen.<\/p>\n\n\n\n<p class=\"has-vivid-green-cyan-color has-text-color has-medium-font-size\">Aktuell kein Termin verf\u00fcgbar &#8211; gerne auf Anfrage<br><br><\/p>\n","protected":false},"excerpt":{"rendered":"<p>Schamanische Aufstellungsarbeit Entdecke deine Verbindung zu Vergangenheit, Gegenwart und ZukunftDu bist Teil deiner Familie, deiner Ahnen, der Orte, an denen du lebst, und auch der Zeit. Diese Einfl\u00fcsse formen und pr\u00e4gen dein Leben auf vielf\u00e4ltige Weise. Einiges davon hat einen positiven Einfluss, w\u00e4hrend dich manches blockiert.Schamanische Aufstellungsarbeit erm\u00f6glicht es, tiefgreifende Zusammenh\u00e4nge oder Verstrickungen zu erkennen, &hellip; <\/p>\n<p class=\"link-more\"><a href=\"https:\/\/elementraum.de\/?page_id=319\" class=\"more-link\"><span class=\"screen-reader-text\">\u201eSeminare\u201c<\/span> weiterlesen<\/a><\/p>\n","protected":false},"author":1,"featured_media":0,"parent":0,"menu_order":0,"comment_status":"closed","ping_status":"closed","template":"","meta":{"footnotes":""},"class_list":["post-319","page","type-page","status-publish","hentry"],"_links":{"self":[{"href":"https:\/\/elementraum.de\/index.php?rest_route=\/wp\/v2\/pages\/319","targetHints":{"allow":["GET"]}}],"collection":[{"href":"https:\/\/elementraum.de\/index.php?rest_route=\/wp\/v2\/pages"}],"about":[{"href":"https:\/\/elementraum.de\/index.php?rest_route=\/wp\/v2\/types\/page"}],"author":[{"embeddable":true,"href":"https:\/\/elementraum.de\/index.php?rest_route=\/wp\/v2\/users\/1"}],"replies":[{"embeddable":true,"href":"https:\/\/elementraum.de\/index.php?rest_route=%2Fwp%2Fv2%2Fcomments&post=319"}],"version-history":[{"count":24,"href":"https:\/\/elementraum.de\/index.php?rest_route=\/wp\/v2\/pages\/319\/revisions"}],"predecessor-version":[{"id":611,"href":"https:\/\/elementraum.de\/index.php?rest_route=\/wp\/v2\/pages\/319\/revisions\/611"}],"wp:attachment":[{"href":"https:\/\/elementraum.de\/index.php?rest_route=%2Fwp%2Fv2%2Fmedia&parent=319"}],"curies":[{"name":"wp","href":"https:\/\/api.w.org\/{rel}","templated":true}]}}