{"id":264,"date":"2021-12-08T15:31:25","date_gmt":"2021-12-08T14:31:25","guid":{"rendered":"http:\/\/elementraum.de\/?page_id=264"},"modified":"2026-04-14T19:10:58","modified_gmt":"2026-04-14T18:10:58","slug":"wildkraeuter","status":"publish","type":"page","link":"https:\/\/elementraum.de\/?page_id=264","title":{"rendered":"Wildkr\u00e4uter"},"content":{"rendered":"\n<p><em>\u201eSchau tief in die Natur und du wirst alles verstehen.\u201c (Albert Einstein)<\/em><\/p>\n\n\n\n<figure class=\"wp-block-image size-medium is-style-rounded\"><img loading=\"lazy\" decoding=\"async\" width=\"225\" height=\"300\" src=\"https:\/\/elementraum.de\/wp-content\/uploads\/2021\/12\/20210331_144527-225x300.jpg\" alt=\"\" class=\"wp-image-246\" srcset=\"https:\/\/elementraum.de\/wp-content\/uploads\/2021\/12\/20210331_144527-225x300.jpg 225w, https:\/\/elementraum.de\/wp-content\/uploads\/2021\/12\/20210331_144527-768x1024.jpg 768w, https:\/\/elementraum.de\/wp-content\/uploads\/2021\/12\/20210331_144527-1152x1536.jpg 1152w, https:\/\/elementraum.de\/wp-content\/uploads\/2021\/12\/20210331_144527-1536x2048.jpg 1536w, https:\/\/elementraum.de\/wp-content\/uploads\/2021\/12\/20210331_144527-scaled.jpg 1920w\" sizes=\"auto, (max-width: 225px) 100vw, 225px\" \/><\/figure>\n\n\n\n<p>Die Natur ist eine wahre Schatzkiste. Sie bietet uns alles, was wir zum Leben brauchen. Leider ist das Wissen darum in den letzten Jahrhunderten verloren gegangen. Es ist mir ein Anliegen dieses Wissen wieder zu beleben und zu teilen. Jeder von uns kann dieses Wissen erlernen und anwenden. Dabei ist es nicht notwendig, dass du dir umfassendes Kr\u00e4uterwissen aneignest. Fang einfach mit wenig an, so wie es dir m\u00f6glich ist.<\/p>\n\n\n\n<p>Ich zeige dir in <strong>Kr\u00e4uterwanderungen<\/strong> die Kr\u00e4uter in deiner Umgebung und erz\u00e4hle dir, wie du sie verwenden kannst.<\/p>\n\n\n\n<p>Wenn du tiefer einsteigen willst, zeige ich dir in einem <strong>Kr\u00e4uterworkshop<\/strong> die praktische Anwendung. Wir stellen dabei <strong>Naturkosmetik<\/strong> her oder Produkte f\u00fcr deine <strong>Kr\u00e4uter-Hausapotheke<\/strong> oder wir probieren gemeinsam die <strong>Kr\u00e4uterk\u00fcche<\/strong> aus.<\/p>\n\n\n\n<p>Kr\u00e4uterwanderungen und Workshops finden in Gruppen von 4-8 Personen statt.<br><br>Du kannst mich gerne auch f\u00fcr einen <strong>individuellen <\/strong>Termin mit deiner Familie oder deiner Gruppe buchen. <\/p>\n\n\n\n<p><strong>Preise:<\/strong><br>Familie                                           130,00 \u20ac  (bis zu 2 Erw. und 2 Kinder, jedes weitere Kind 20 \u20ac)<br>Gruppe von 4-8 Personen     40,00 \u20ac \/ Person<br>Gro\u00dfgruppen \/ Klassen          auf Anfrage<\/p>\n\n\n\n<p><strong>Termine: <\/strong><br>Kr\u00e4uterk\u00fcche <br>auf Anfrage<br><br>Kr\u00e4uterkosmetik \/ Hausapotheke<br>auf Anfrage<\/p>\n\n\n\n<p><\/p>\n","protected":false},"excerpt":{"rendered":"<p>\u201eSchau tief in die Natur und du wirst alles verstehen.\u201c (Albert Einstein) Die Natur ist eine wahre Schatzkiste. Sie bietet uns alles, was wir zum Leben brauchen. Leider ist das Wissen darum in den letzten Jahrhunderten verloren gegangen. Es ist mir ein Anliegen dieses Wissen wieder zu beleben und zu teilen. Jeder von uns kann &hellip; <\/p>\n<p class=\"link-more\"><a href=\"https:\/\/elementraum.de\/?page_id=264\" class=\"more-link\"><span class=\"screen-reader-text\">\u201eWildkr\u00e4uter\u201c<\/span> weiterlesen<\/a><\/p>\n","protected":false},"author":1,"featured_media":0,"parent":0,"menu_order":0,"comment_status":"closed","ping_status":"closed","template":"","meta":{"footnotes":""},"class_list":["post-264","page","type-page","status-publish","hentry"],"_links":{"self":[{"href":"https:\/\/elementraum.de\/index.php?rest_route=\/wp\/v2\/pages\/264","targetHints":{"allow":["GET"]}}],"collection":[{"href":"https:\/\/elementraum.de\/index.php?rest_route=\/wp\/v2\/pages"}],"about":[{"href":"https:\/\/elementraum.de\/index.php?rest_route=\/wp\/v2\/types\/page"}],"author":[{"embeddable":true,"href":"https:\/\/elementraum.de\/index.php?rest_route=\/wp\/v2\/users\/1"}],"replies":[{"embeddable":true,"href":"https:\/\/elementraum.de\/index.php?rest_route=%2Fwp%2Fv2%2Fcomments&post=264"}],"version-history":[{"count":17,"href":"https:\/\/elementraum.de\/index.php?rest_route=\/wp\/v2\/pages\/264\/revisions"}],"predecessor-version":[{"id":620,"href":"https:\/\/elementraum.de\/index.php?rest_route=\/wp\/v2\/pages\/264\/revisions\/620"}],"wp:attachment":[{"href":"https:\/\/elementraum.de\/index.php?rest_route=%2Fwp%2Fv2%2Fmedia&parent=264"}],"curies":[{"name":"wp","href":"https:\/\/api.w.org\/{rel}","templated":true}]}}