{"id":209,"date":"2021-12-07T17:52:54","date_gmt":"2021-12-07T16:52:54","guid":{"rendered":"http:\/\/elementraum.de\/?page_id=209"},"modified":"2026-04-13T12:24:32","modified_gmt":"2026-04-13T11:24:32","slug":"familienaufstellung-systemische-aufstellungsarbeit","status":"publish","type":"page","link":"https:\/\/elementraum.de\/?page_id=209","title":{"rendered":"Familienaufstellung"},"content":{"rendered":"\n<p>\u201eVer\u00e4ndere deine Energie, dann ver\u00e4nderst du auch dein Leben.\u201c (Dr. Joe Dispenza)<\/p>\n\n\n\n<figure class=\"wp-block-gallery has-nested-images columns-default is-cropped wp-block-gallery-1 is-layout-flex wp-block-gallery-is-layout-flex\">\n<figure class=\"wp-block-image size-full\"><img loading=\"lazy\" decoding=\"async\" width=\"2560\" height=\"1440\" data-id=\"584\" src=\"https:\/\/elementraum.de\/wp-content\/uploads\/2026\/01\/Familienaufstellung-1-edited-scaled.jpg\" alt=\"\" class=\"wp-image-584\" srcset=\"https:\/\/elementraum.de\/wp-content\/uploads\/2026\/01\/Familienaufstellung-1-edited-scaled.jpg 2560w, https:\/\/elementraum.de\/wp-content\/uploads\/2026\/01\/Familienaufstellung-1-edited-300x169.jpg 300w, https:\/\/elementraum.de\/wp-content\/uploads\/2026\/01\/Familienaufstellung-1-edited-1024x576.jpg 1024w, https:\/\/elementraum.de\/wp-content\/uploads\/2026\/01\/Familienaufstellung-1-edited-768x432.jpg 768w, https:\/\/elementraum.de\/wp-content\/uploads\/2026\/01\/Familienaufstellung-1-edited-1536x864.jpg 1536w, https:\/\/elementraum.de\/wp-content\/uploads\/2026\/01\/Familienaufstellung-1-edited-2048x1152.jpg 2048w\" sizes=\"auto, (max-width: 706px) 89vw, (max-width: 767px) 82vw, 740px\" \/><\/figure>\n<\/figure>\n\n\n\n<p>Wir alle leben in Systemen. Ein System besteht aus Elementen, die in Beziehung zueinander stehen. Ein System kann die Familie, die Partnerschaft, die Arbeit oder jeder andere Lebensbereich sein, in dem wir mit anderen Menschen zusammenkommen und interagieren. <\/p>\n\n\n\n<p>Manchmal kommt es in solchen Systemen zu Unordnungen, die sich in Disharmonien, Beziehungsproblemen oder gar Streitigkeiten \u00e4u\u00dfern. Dazu geh\u00f6ren auch Mobbing, Burnout, \u00c4ngste, psychosomatische Symptome oder Erkrankung einer einzelnen Person. <\/p>\n\n\n\n<p>Manchmal erlebt man auch bestimmte Dynamiken oder Situationen, die sich immer wiederholen &#8222;Es ist immer das Gleiche &#8230;&#8220; . Hier gilt es die systemische Ordnung wiederherzustellen, Glaubenss\u00e4tze, Denkmuster oder Ahnenthemen aufzudecken.<\/p>\n\n\n\n<p>In der Aufstellungsarbeit schauen wir uns mit Hilfe von Stellvertretern das jeweilige System an. Dabei  wir sichtbar, was im Verborgenen wirkt. <br>Es wird sp\u00fcrbar, welches der n\u00e4chste Schritt ist, welche Ver\u00e4nderung jetzt sein darf. <br>Der Energie folgend zeigt sich, wo die Er-l\u00f6sung liegt. Unordnungen, Verstrickungen oder emotionale Bindungen werden aufgedeckt und in &#8222;Ordnung&#8220; gebracht.<\/p>\n\n\n\n<p>Stellvertreter k\u00f6nnen Personen oder auch sonstige Platzhalter sein. Gearbeitet wird im sogenannten &#8222;wissenden Feld&#8220;. Es handelt sich dabei um das morphogenetische Feld, das der Wissenschaftler R. Sheldrake beschrieben hat. In diesem Feld ist alles Wissen vorhanden und alles ist unabh\u00e4ngig von Zeit und Raum miteinander verbunden. So k\u00f6nnen St\u00f6rungen im Feld durch die Stellvertreter aufgezeigt und behoben werden.<\/p>\n\n\n\n<p>Eine alte Weisheit der Indianer sagt &#8222;Mitakuye Oyasin&#8220; \u2013 alles ist miteinander verbunden, verwoben und verwandt. Darauf basiert ihr gesamtes Weltbild. Alles ist eine Einheit Mensch, Umwelt und alle Lebewesen.<\/p>\n\n\n\n<p>Gerne unterst\u00fctze ich dich dabei Antworten zu finden <\/p>\n\n\n\n<p>In einem pers\u00f6nlichen Gespr\u00e4ch werden wir vorab M\u00f6glichkeiten und Grenzen einer systemischen Aufstellung besprechen und zu schauen, was der n\u00e4chste Schritt in deiner pers\u00f6nlichen Entwicklung sein kann.<\/p>\n\n\n\n<p>Vereinbare einen Termin telefonisch oder per Mail.<\/p>\n\n\n\n<p><strong>Preise:<\/strong><br>Anamnese \/ Genogramm      90,00 \u20ac (pauschal)<br>Familienaufstellung                150,00 \u20ac (pauschal)<br>Stellvertreter                                 ab 10 \u20ac (nach eigenem Ermessen)<\/p>\n\n\n\n<p><strong>n\u00e4chster Termin:<\/strong><br><br><\/p>\n\n\n\n<p><em>Sofern hier kein Termin angezeigt wird, kannst du gerne per Mail oder telefonisch anfragen.<\/em><\/p>\n","protected":false},"excerpt":{"rendered":"<p>\u201eVer\u00e4ndere deine Energie, dann ver\u00e4nderst du auch dein Leben.\u201c (Dr. Joe Dispenza) Wir alle leben in Systemen. Ein System besteht aus Elementen, die in Beziehung zueinander stehen. Ein System kann die Familie, die Partnerschaft, die Arbeit oder jeder andere Lebensbereich sein, in dem wir mit anderen Menschen zusammenkommen und interagieren. Manchmal kommt es in solchen &hellip; <\/p>\n<p class=\"link-more\"><a href=\"https:\/\/elementraum.de\/?page_id=209\" class=\"more-link\"><span class=\"screen-reader-text\">\u201eFamilienaufstellung\u201c<\/span> weiterlesen<\/a><\/p>\n","protected":false},"author":1,"featured_media":0,"parent":0,"menu_order":0,"comment_status":"closed","ping_status":"closed","template":"","meta":{"footnotes":""},"class_list":["post-209","page","type-page","status-publish","hentry"],"_links":{"self":[{"href":"https:\/\/elementraum.de\/index.php?rest_route=\/wp\/v2\/pages\/209","targetHints":{"allow":["GET"]}}],"collection":[{"href":"https:\/\/elementraum.de\/index.php?rest_route=\/wp\/v2\/pages"}],"about":[{"href":"https:\/\/elementraum.de\/index.php?rest_route=\/wp\/v2\/types\/page"}],"author":[{"embeddable":true,"href":"https:\/\/elementraum.de\/index.php?rest_route=\/wp\/v2\/users\/1"}],"replies":[{"embeddable":true,"href":"https:\/\/elementraum.de\/index.php?rest_route=%2Fwp%2Fv2%2Fcomments&post=209"}],"version-history":[{"count":44,"href":"https:\/\/elementraum.de\/index.php?rest_route=\/wp\/v2\/pages\/209\/revisions"}],"predecessor-version":[{"id":605,"href":"https:\/\/elementraum.de\/index.php?rest_route=\/wp\/v2\/pages\/209\/revisions\/605"}],"wp:attachment":[{"href":"https:\/\/elementraum.de\/index.php?rest_route=%2Fwp%2Fv2%2Fmedia&parent=209"}],"curies":[{"name":"wp","href":"https:\/\/api.w.org\/{rel}","templated":true}]}}