{"id":154,"date":"2020-01-06T17:38:44","date_gmt":"2020-01-06T17:38:44","guid":{"rendered":"http:\/\/elementraum.de\/?page_id=154"},"modified":"2026-01-16T13:57:14","modified_gmt":"2026-01-16T12:57:14","slug":"willkommen-im-elementraum","status":"publish","type":"page","link":"https:\/\/elementraum.de\/","title":{"rendered":"Willkommen"},"content":{"rendered":"\n<p><strong>im Elementraum &#8211; dein Raum f\u00fcr dein Potenzial und deine Entwicklung<\/strong><br><br><\/p>\n\n\n\n<p class=\"has-white-background-color has-background\"><strong>Elemente:<\/strong><\/p>\n\n\n\n<p class=\"has-white-background-color has-background\">> <a href=\"https:\/\/elementraum.de\/?page_id=59\" data-type=\"page\" data-id=\"59\">Meditation<\/a><br>> <a href=\"https:\/\/elementraum.de\/?page_id=209\" data-type=\"page\" data-id=\"209\">Familienaufstellung<\/a><br>> <a href=\"https:\/\/elementraum.de\/?page_id=60\" data-type=\"page\" data-id=\"60\">Schamanismus<\/a> <br>> Seelen- \/ Krafttierreisen<br>> R\u00e4uchern \/ Hausr\u00e4ucherung<br>> Runen<br>> <a href=\"https:\/\/elementraum.de\/?page_id=264\" data-type=\"page\" data-id=\"264\">Wildkr\u00e4uter<\/a>p\u00e4dagogik<\/p>\n\n\n\n<p><br><\/p>\n\n\n\n<p class=\"has-drop-cap\"><br><\/p>\n\n\n\n<figure class=\"wp-block-image size-full is-resized\"><img loading=\"lazy\" decoding=\"async\" width=\"186\" height=\"186\" src=\"https:\/\/elementraum.de\/wp-content\/uploads\/2022\/11\/grafik.png\" alt=\"\" class=\"wp-image-334\" style=\"width:25px;height:25px\" srcset=\"https:\/\/elementraum.de\/wp-content\/uploads\/2022\/11\/grafik.png 186w, https:\/\/elementraum.de\/wp-content\/uploads\/2022\/11\/grafik-150x150.png 150w, https:\/\/elementraum.de\/wp-content\/uploads\/2022\/11\/grafik-100x100.png 100w\" sizes=\"auto, (max-width: 186px) 100vw, 186px\" \/><\/figure>\n\n\n\n<p class=\"has-small-font-size\"><em><a href=\"https:\/\/www.instagram.com\/elementraum.de\/\" target=\"_blank\" rel=\"noreferrer noopener\">https:\/\/www.instagram.com\/elementraum.de<\/a><\/em><a href=\"https:\/\/www.instagram.com\/elementraum.de\/\"><em>\/<\/em><\/a><\/p>\n","protected":false},"excerpt":{"rendered":"<p>im Elementraum &#8211; dein Raum f\u00fcr dein Potenzial und deine Entwicklung Elemente: > Meditation> Familienaufstellung> Schamanismus > Seelen- \/ Krafttierreisen> R\u00e4uchern \/ Hausr\u00e4ucherung> Runen> Wildkr\u00e4uterp\u00e4dagogik https:\/\/www.instagram.com\/elementraum.de\/<\/p>\n","protected":false},"author":1,"featured_media":0,"parent":0,"menu_order":0,"comment_status":"closed","ping_status":"closed","template":"","meta":{"footnotes":""},"class_list":["post-154","page","type-page","status-publish","hentry"],"_links":{"self":[{"href":"https:\/\/elementraum.de\/index.php?rest_route=\/wp\/v2\/pages\/154","targetHints":{"allow":["GET"]}}],"collection":[{"href":"https:\/\/elementraum.de\/index.php?rest_route=\/wp\/v2\/pages"}],"about":[{"href":"https:\/\/elementraum.de\/index.php?rest_route=\/wp\/v2\/types\/page"}],"author":[{"embeddable":true,"href":"https:\/\/elementraum.de\/index.php?rest_route=\/wp\/v2\/users\/1"}],"replies":[{"embeddable":true,"href":"https:\/\/elementraum.de\/index.php?rest_route=%2Fwp%2Fv2%2Fcomments&post=154"}],"version-history":[{"count":18,"href":"https:\/\/elementraum.de\/index.php?rest_route=\/wp\/v2\/pages\/154\/revisions"}],"predecessor-version":[{"id":574,"href":"https:\/\/elementraum.de\/index.php?rest_route=\/wp\/v2\/pages\/154\/revisions\/574"}],"wp:attachment":[{"href":"https:\/\/elementraum.de\/index.php?rest_route=%2Fwp%2Fv2%2Fmedia&parent=154"}],"curies":[{"name":"wp","href":"https:\/\/api.w.org\/{rel}","templated":true}]}}