{"id":125,"date":"2019-12-30T19:48:58","date_gmt":"2019-12-30T19:48:58","guid":{"rendered":"http:\/\/elementraum.de\/?page_id=125"},"modified":"2026-04-13T12:13:50","modified_gmt":"2026-04-13T11:13:50","slug":"datenschutz","status":"publish","type":"page","link":"https:\/\/elementraum.de\/?page_id=125","title":{"rendered":"AGB + Datenschutzerkl\u00e4rung"},"content":{"rendered":"\n<h5 class=\"wp-block-heading\">Wer wir sind<\/h5>\n\n\n\n<p>Verantwortlicher Anbieter dieses Internetauftritts im datenschutzrechtlichen Sinne ist:<\/p>\n\n\n\n<p>Elementraum<br>Cornelia Klein<br>Erlenhainstr. 4a<br>90427 N\u00fcrnberg<br>cornelia@elementraum.de<\/p>\n\n\n\n<p><strong>Allgemeine Gesch\u00e4ftsbedingungen (AGB)<\/strong><\/p>\n\n\n\n<ol class=\"wp-block-list\">\n<li><strong>Geltungsbereich und Veranstalter<\/strong><\/li>\n<\/ol>\n\n\n\n<ol class=\"wp-block-list\"><\/ol>\n\n\n\n<ol class=\"wp-block-list\"><\/ol>\n\n\n\n<p>Die nachstehenden allgemeinen Gesch\u00e4ftsbedingungen (AGB) gelten f\u00fcr kostenlose und kostenpflichtige Angebote (siehe Punkt 2) des Veranstalters:<\/p>\n\n\n\n<p>Elementraum<br>Cornelia Klein<br>Erlenhainstr. 4a<br>90427 N\u00fcrnberg<\/p>\n\n\n\n<p>Tel: 0171 420 88 80<br>info@elementraum.de<\/p>\n\n\n\n<p>Im Interesse der Lesbarkeit wurde bei den vorliegenden AGB auf geschlechtsbezogene Formulierungen verzichtet. Selbstverst\u00e4ndlich sind immer alle Geschlechter gemeint, auch wenn explizit nur eines der Geschlechter angesprochen wird.<\/p>\n\n\n\n<p><strong>2. Angebote<\/strong><\/p>\n\n\n\n<ul class=\"wp-block-list\">\n<li><strong>Veranstaltungen<\/strong><\/li>\n<\/ul>\n\n\n\n<ol class=\"wp-block-list\"><\/ol>\n\n\n\n<p>Veranstaltungen sind alle Angebote, die in Gruppen \u2013 also mit mehreren Teilnehmern \u2013 stattfinden. Dies k\u00f6nnen Seminare, Kurse, Workshops, Vortr\u00e4ge in Pr\u00e4senz oder online sein.<\/p>\n\n\n\n<ul class=\"wp-block-list\">\n<li><strong>Einzeltermine<\/strong><\/li>\n<\/ul>\n\n\n\n<p>Einzeltermine sind individuelle Termine mit einer einzelnen Person. Dies kann eine schamanische Arbeit, Coaching, Geomantie o. \u00e4. sein.<\/p>\n\n\n\n<p><strong>3. Anmeldung \/ Vertragsschluss<\/strong><\/p>\n\n\n\n<p>F\u00fcr alle Angebote ist eine verbindliche Anmeldung erforderlich. Mit der Anmeldung oder Terminverinbarung werden die allgemeinen Gesch\u00e4ftsbedingungen und Teilnahmebedingungen anerkannt.<\/p>\n\n\n\n<p>Die verbindliche Anmeldung zu einem der in Punkt 2 genannten Angebote kann per Willenserkl\u00e4\u00adrung m\u00fcndlich, fernm\u00fcndlich, per Mail oder als private Nachricht (via WhatsApp, Messenger, Instagram oder SMS) erfolgen.<\/p>\n\n\n\n<p>Eine Weitergabe des gebuchten Angebotes kann nur in Absprache mit dem Veranstalter erfolgen.<\/p>\n\n\n\n<p><strong>4. R\u00fccktrittsrecht und Stornierung<\/strong><\/p>\n\n\n\n<p>Eine Veranstaltung oder ein Einzeltermin kann vor Beginn, auch kurzfristig aus wichtigem Grund durch den Veranstalter abgesagt werden. Wichtige Gr\u00fcnde k\u00f6nnen u.a. sein: Krankheit, geringe Teilnehmerzahl. In diesem Fall wird die bereits gezahlte Geb\u00fchr voll\u00adst\u00e4ndig zur\u00fcckerstattet. Weitergehende Ersatzzahlung f\u00fcr z. B. \u00dcbernachtungs\u00adkosten, Stornierungskosten f\u00fcr Hotels, Verkehrsmittel sind ausgeschlossen.<\/p>\n\n\n\n<ul class=\"wp-block-list\">\n<li><strong>Stornobedingungen Veranstaltungen<\/strong><\/li>\n<\/ul>\n\n\n\n<p>Der Teilnehmer kann bis zu 14 Tage vor Beginn der Veranstaltung seine Teilnahme kostenfrei stornieren. Bereits gezahlte Geb\u00fchren werden umgehend zur\u00fcckerstattet.<\/p>\n\n\n\n<p>Bei Stornierung zwischen 8 und 13 Tagen vor Beginn der Veranstaltung werden 50 % der Veranstaltungsgeb\u00fchr f\u00e4llig.<\/p>\n\n\n\n<p>Bei Stornierung innerhalb 7 Tagen vor Beginn der Veranstaltung werden100 % der Veranstaltungsgeb\u00fchr f\u00e4llig.<\/p>\n\n\n\n<ul class=\"wp-block-list\">\n<li><strong>Stornobedingungen Einzeltermine<\/strong><\/li>\n<\/ul>\n\n\n\n<p>Einzeltermine k\u00f6nnen bis 48 Stunden vor dem vereinbarten Termin abgesagt werden.<\/p>\n\n\n\n<p>Erfolgt eine Absage innerhalb von 48 Stunden vor dem vereinbarten Termin, so wird der Mindestbetrag f\u00fcr einen Einzeltermin (entsprechend der Berechnung f\u00fcr 60 Minuten) f\u00e4llig. Diese Regelung ist leider notwendig, da der Termin so kurzfristig in der Regel nicht weitervergeben werden kann.<\/p>\n\n\n\n<p>Ist ein Klient zum vereinbarten Termin nicht erreichbar, so wird ebenfalls der Mindestbetrag f\u00fcr einen Einzeltermin (entsprechend Berechnung f\u00fcr 60 min) f\u00e4llig.<\/p>\n\n\n\n<p><strong>5. Preise und Zahlungsbedingungen<\/strong><\/p>\n\n\n\n<p>Die anfallenden Kosten oder Geb\u00fchren ergeben sich aus der jeweiligen Beschreibung des Angebotes auf der Homepage.<\/p>\n\n\n\n<p>Die Mindestgeb\u00fchr f\u00fcr einen Einzeltermin betr\u00e4gt 60 Minuten.<\/p>\n\n\n\n<p>Bei kostenpflichtigen Angeboten wird \u00fcber die Geb\u00fchr eine Rechnung ausgestellt. Diese wird mit Rechnungsstellung sofort f\u00e4llig.<\/p>\n\n\n\n<p>Als Kleinunternehmer im Sinne von \u00a7 19 UstG wird keine Mehrwertsteuer ausgewiesen.<\/p>\n\n\n\n<p><strong>6. Ausschluss von Teilnehmern<\/strong><\/p>\n\n\n\n<p>Einige Veranstaltungen sind f\u00fcr Menschen mit psychotischen oder psychischen Erkrankungen nicht geeignet. Mit der Anmeldung erkl\u00e4rt der Teilnehmer, dass er an keiner der genannten Erkrankungen leidet. Sollten diesbez\u00fcglich Zweifel bestehen, wird um Absprache im Vorfeld gebeten.<\/p>\n\n\n\n<p>Der Veranstalter beh\u00e4lt sich das Recht vor Personen ohne Angabe von Gr\u00fcnden von der Teilnahme auszuschlie\u00dfen.<\/p>\n\n\n\n<p><strong>7. Verschwiegenheitspflicht<\/strong><\/p>\n\n\n\n<p>Teilnehmer und Veranstalter verpflichten sich, \u00fcber die w\u00e4hrend eines Seminars bekannt gewordenen vertraulichen Umst\u00e4nde anderer Personen Stillschweigen gegen\u00fcber Dritten zu wahren.<\/p>\n\n\n\n<p><strong>8. Haftung<\/strong><\/p>\n\n\n\n<p>Die Teilnahme an Veranstaltungen erfolgt grunds\u00e4tzlich auf eigene Gefahr und Verantwortung. Eine weitergehende Haftung f\u00fcr die Folgen der Teilnahme an einer Veranstaltung wird ausdr\u00fccklich ausgeschlossen.<\/p>\n\n\n\n<p>Eine Haftung f\u00fcr Sch\u00e4den, insbesondere f\u00fcr solche aus Unf\u00e4llen, Besch\u00e4digungen, Verlust oder Diebstahl ist ausgeschlossen, es sei denn, dass der Schaden vom Veranstalter vors\u00e4tzlich oder grob fahrl\u00e4ssig verursacht wurde.<\/p>\n\n\n\n<p>Hoheitliche Ma\u00dfnahmen, Naturkatastrophen, Verkehrsst\u00f6rungen, St\u00f6rungen in der Energie- und Rohstoffversorgung, Krankheit des Referenten und sonstige F\u00e4lle h\u00f6herer Gewalt, also au\u00dfergew\u00f6hnlicher Ereignisse, die der Veranstalter nicht zu vertreten hat, befreien den Veranstalter f\u00fcr die Dauer ihrer Auswirkungen von der Verpflichtung zur Vertragserf\u00fcllung. In diesen F\u00e4llen ist der Veranstalter nicht zum Schadenersatz, insbesondere nicht zum Ersatz von Reise- und \u00dcbernachtungskosten sowie von Arbeitsausfall verpflichtet.<\/p>\n\n\n\n<p><strong>Medizinischer Disclaimer<\/strong>:<br><strong><em>Keine medizinische Beratung \u2013 Keine Heilversprechen<\/em><\/strong><\/p>\n\n\n\n<p>Der Anbieter ist weder Arzt noch Heilpraktiker. S\u00e4mtliche Inhalte stellen explizit keine medizinische, therapeutische oder heilkundliche Beratung dar. Es wird ausdr\u00fccklich keine Diagnose gestellt, keine Therapie empfohlen und keine Behandlung durchgef\u00fchrt.<\/p>\n\n\n\n<p>Die Inhalte ersetzen in keinem Fall und unter keinen Umst\u00e4nden eine \u00e4rztliche oder therapeutische Behandlung<\/p>\n\n\n\n<p><strong>9. Salvatorische Klausel<\/strong><\/p>\n\n\n\n<p>Sollte eine Bestimmung dieses Vertrages unwirksam sein, wird die Wirksamkeit der \u00fcbrigen Bestimmungen davon nicht ber\u00fchrt. Die Parteien verpflichten sich, anstelle einer unwirksamen Bestimmung eine dieser Bestimmung m\u00f6glichst nahekommende wirksame Regelung zu treffen.<\/p>\n\n\n\n<p><strong>10. Datenschutz<\/strong><\/p>\n\n\n\n<ol class=\"wp-block-list\"><\/ol>\n\n\n\n<p>Personenbezogene Daten (nachfolgend zumeist nur \u201eDaten\u201c genannt) werden von uns nur im Rahmen der Erforderlichkeit sowie zumRechte Zwecke der Bereitstellung eines funktionsf\u00e4higen und nutzerfreundlichen Internetauftritts, inklusive seiner Inhalte und der dort angebotenen Leistungen, verarbeitet.<\/p>\n\n\n\n<p>Gem\u00e4\u00df Art. 4 Ziffer 1. der Verordnung (EU) 2016\/679, also der Datenschutz-Grundverordnung (nachfolgend nur \u201eDSGVO\u201c genannt), gilt als \u201eVerarbeitung\u201c jeder mit oder ohne Hilfe automatisierter Verfahren ausgef\u00fchrter Vorgang oder jede solche Vorgangsreihe im Zusammenhang mit personenbezogenen Daten, wie das Erheben, das Erfassen, die Organisation, das Ordnen, die Speicherung, die Anpassung oder Ver\u00e4nderung, das Auslesen, das Abfragen, die Verwendung, die Offenlegung durch \u00dcbermittlung, Verbreitung oder eine andere Form der Bereitstellung, den Abgleich oder die Verkn\u00fcpfung, die Einschr\u00e4nkung, das L\u00f6schen oder die Vernichtung.<\/p>\n\n\n\n<p>Mit der nachfolgenden Datenschutzerkl\u00e4rung informieren wir Sie insbesondere \u00fcber Art, Umfang, Zweck, Dauer und Rechtsgrundlage der Verarbeitung personenbezogener Daten, soweit wir entweder allein oder gemeinsam mit anderen \u00fcber die Zwecke und Mittel der Verarbeitung entscheiden. Zudem informieren wir Sie nachfolgend \u00fcber die von uns zu Optimierungszwecken sowie zur Steigerung der Nutzungsqualit\u00e4t eingesetzten Fremdkomponenten, soweit hierdurch Dritte Daten in wiederum eigener Verantwortung verarbeiten.<strong><br><\/strong><\/p>\n\n\n\n<p><strong>Rechte der Nutzer und Betroffenen<\/strong><\/p>\n\n\n\n<p>Mit Blick auf die nachfolgend noch n\u00e4her beschriebene Datenverarbeitung haben die Nutzer und Betroffenen das Recht<br>&#8211; auf Best\u00e4tigung, ob sie betreffende Daten verarbeitet werden, auf Auskunft \u00fcber die verarbeiteten Daten, auf weitere Informationen \u00fcber die Datenverarbeitung sowie auf Kopien der Daten (vgl. auch Art. 15 DSGVO);<br>&#8211; auf Berichtigung oder Vervollst\u00e4ndigung unrichtiger bzw. unvollst\u00e4ndiger Daten (vgl. auch Art. 16 DSGVO);<br>&#8211; auf unverz\u00fcgliche L\u00f6schung der sie betreffenden Daten (vgl. auch Art. 17 DSGVO), oder, alternativ, soweit eine weitere Verarbeitung gem\u00e4\u00df Art. 17 Abs. 3 DSGVO erforderlich ist, auf Einschr\u00e4nkung der Verarbeitung nach Ma\u00dfgabe von Art. 18 DSGVO;<br>&#8211; auf Erhalt der sie betreffenden und von ihnen bereitgestellten Daten und auf \u00dcbermittlung dieser Daten an andere Anbieter\/Verantwortliche (vgl. auch Art. 20 DSGVO);<br>&#8211; auf Beschwerde gegen\u00fcber der Aufsichtsbeh\u00f6rde, sofern sie der Ansicht sind, dass die sie betreffenden Daten durch den Anbieter unter Versto\u00df gegen datenschutzrechtliche Bestimmungen verarbeitet werden (vgl. auch Art. 77 DSGVO).<\/p>\n\n\n\n<p>Dar\u00fcber hinaus ist der Anbieter dazu verpflichtet, alle Empf\u00e4nger, denen gegen\u00fcber Daten durch den Anbieter offengelegt worden sind, \u00fcber jedwede Berichtigung oder L\u00f6schung von Daten oder die Einschr\u00e4nkung der Verarbeitung, die aufgrund der Artikel 16, 17 Abs. 1, 18 DSGVO erfolgt, zu unterrichten. Diese Verpflichtung besteht jedoch nicht, soweit diese Mitteilung unm\u00f6glich oder mit einem unverh\u00e4ltnism\u00e4\u00dfigen Aufwand verbunden ist. Unbeschadet dessen hat der Nutzer ein Recht auf Auskunft \u00fcber diese Empf\u00e4nger.<\/p>\n\n\n\n<p>Ebenfalls haben die Nutzer und Betroffenen nach Art. 21 DSGVO das Recht auf Widerspruch gegen die k\u00fcnftige Verarbeitung der sie betreffenden Daten, sofern die Daten durch den Anbieter nach Ma\u00dfgabe von Art. 6 Abs. 1 lit. f) DSGVO verarbeitet werden. Insbesondere ist ein Widerspruch gegen die Datenverarbeitung zum Zwecke der Direktwerbung statthaft.<\/p>\n\n\n\n<p><strong>Informationen zur Datenverarbeitung<\/strong><\/p>\n\n\n\n<p>Ihre bei Nutzung unseres Internetauftritts verarbeiteten Daten werden gel\u00f6scht oder gesperrt, sobald der Zweck der Speicherung entf\u00e4llt, der L\u00f6schung der Daten keine gesetzlichen Aufbewahrungspflichten entgegenstehen und nachfolgend keine anderslautenden Angaben zu einzelnen Verarbeitungsverfahren gemacht werden.<\/p>\n\n\n\n<p><strong>Cookies<\/strong><\/p>\n\n\n\n<p><strong>a) Sitzungs-Cookies\/Session-Cookies<\/strong><\/p>\n\n\n\n<p>Wir verwenden mit unserem Internetauftritt sog. Cookies. Cookies sind kleine Textdateien oder andere Speichertechnologien, die durch den von Ihnen eingesetzten Internet-Browser auf Ihrem Endger\u00e4t ablegt und gespeichert werden. Durch diese Cookies werden im individuellen Umfang bestimmte Informationen von Ihnen, wie beispielsweise Ihre Browser- oder Standortdaten oder Ihre IP-Adresse, verarbeitet. &nbsp;<\/p>\n\n\n\n<p>Durch diese Verarbeitung wird unser Internetauftritt benutzerfreundlicher, effektiver und sicherer, da die Verarbeitung bspw. die Wiedergabe unseres Internetauftritts in unterschiedlichen Sprachen oder das Angebot einer Warenkorbfunktion erm\u00f6glicht.<\/p>\n\n\n\n<p>Rechtsgrundlage dieser Verarbeitung ist Art. 6 Abs. 1 lit b.) DSGVO, sofern diese Cookies Daten zur Vertragsanbahnung oder Vertragsabwicklung verarbeitet werden.<\/p>\n\n\n\n<p>Falls die Verarbeitung nicht der Vertragsanbahnung oder Vertragsabwicklung dient, liegt unser berechtigtes Interesse in der Verbesserung der Funktionalit\u00e4t unseres Internetauftritts. Rechtsgrundlage ist in dann Art. 6 Abs. 1 lit. f) DSGVO.<\/p>\n\n\n\n<p>Mit Schlie\u00dfen Ihres Internet-Browsers werden diese Session-Cookies gel\u00f6scht.<\/p>\n\n\n\n<p><strong>b) Drittanbieter-Cookies<\/strong><\/p>\n\n\n\n<p>Gegebenenfalls werden mit unserem Internetauftritt auch Cookies von Partnerunternehmen, mit denen wir zum Zwecke der Werbung, der Analyse oder der Funktionalit\u00e4ten unseres Internetauftritts zusammenarbeiten, verwendet.<\/p>\n\n\n\n<p>Die Einzelheiten hierzu, insbesondere zu den Zwecken und den Rechtsgrundlagen der Verarbeitung solcher Drittanbieter-Cookies, entnehmen Sie bitte den nachfolgenden Informationen.<\/p>\n\n\n\n<p><strong>c) Beseitigungsm\u00f6glichkeit<\/strong><\/p>\n\n\n\n<p>Sie k\u00f6nnen die Installation der Cookies durch eine Einstellung Ihres Internet-Browsers verhindern oder einschr\u00e4nken. Ebenfalls k\u00f6nnen Sie bereits gespeicherte Cookies jederzeit l\u00f6schen. Die hierf\u00fcr erforderlichen Schritte und Ma\u00dfnahmen h\u00e4ngen jedoch von Ihrem konkret genutzten Internet-Browser ab. Bei Fragen benutzen Sie daher bitte die Hilfefunktion oder Dokumentation Ihres Internet-Browsers oder wenden sich an dessen Hersteller bzw. Support. Bei sog. Flash-Cookies kann die Verarbeitung allerdings nicht \u00fcber die Einstellungen des Browsers unterbunden werden. Stattdessen m\u00fcssen Sie insoweit die Einstellung Ihres Flash-Players \u00e4ndern. Auch die hierf\u00fcr erforderlichen Schritte und Ma\u00dfnahmen h\u00e4ngen von Ihrem konkret genutzten Flash-Player ab. Bei Fragen benutzen Sie daher bitte ebenso die Hilfefunktion oder Dokumentation Ihres Flash-Players oder wenden sich an den Hersteller bzw. Benutzer-Support.<\/p>\n\n\n\n<p>Sollten Sie die Installation der Cookies verhindern oder einschr\u00e4nken, kann dies allerdings dazu f\u00fchren, dass nicht s\u00e4mtliche Funktionen unseres Internetauftritts vollumf\u00e4nglich nutzbar sind.<\/p>\n\n\n\n<p><strong>Newsletter<\/strong><\/p>\n\n\n\n<p>Falls Sie sich f\u00fcr unseren kostenlosen Newsletter anmelden, werden die von Ihnen hierzu abgefragten Daten, also Ihre E-Mail-Adresse sowie &#8211; optional &#8211; Ihr Name und Ihre Anschrift, an uns \u00fcbermittelt. Gleichzeitig speichern wir die IP-Adresse des Internetanschlusses von dem aus Sie auf unseren Internetauftritt zugreifen sowie Datum und Uhrzeit Ihrer Anmeldung. Im Rahmen des weiteren Anmeldevorgangs werden wir Ihre Einwilligung in die \u00dcbersendung des Newsletters einholen, den Inhalt konkret beschreiben und auf diese Datenschutzerkl\u00e4rung verwiesen. Die dabei erhobenen Daten verwenden wir ausschlie\u00dflich f\u00fcr den Newsletter-Versand \u2013 sie werden deshalb insbesondere auch nicht an Dritte weitergegeben.<\/p>\n\n\n\n<p>Rechtsgrundlage hierbei ist Art. 6 Abs. 1 lit. a) DSGVO.<\/p>\n\n\n\n<p>Die Einwilligung in den Newsletter-Versand k\u00f6nnen Sie gem\u00e4\u00df Art. 7 Abs. 3 DSGVO jederzeit mit Wirkung f\u00fcr die Zukunft widerrufen. Hierzu m\u00fcssen Sie uns lediglich \u00fcber Ihren Widerruf in Kenntnis setzen oder den in jedem Newsletter enthaltenen Abmeldelink bet\u00e4tigen.<\/p>\n\n\n\n<p><strong>Kontaktanfragen \/ Kontaktm\u00f6glichkeit<\/strong><\/p>\n\n\n\n<p>Sofern Sie per Kontaktformular oder E-Mail mit uns in Kontakt treten, werden die dabei von Ihnen angegebenen Daten zur Bearbeitung Ihrer Anfrage genutzt. Die Angabe der Daten ist zur Bearbeitung und Beantwortung Ihre Anfrage erforderlich &#8211; ohne deren Bereitstellung k\u00f6nnen wir Ihre Anfrage nicht oder allenfalls eingeschr\u00e4nkt beantworten.<\/p>\n\n\n\n<p>Rechtsgrundlage f\u00fcr diese Verarbeitung ist Art. 6 Abs. 1 lit. b) DSGVO.<\/p>\n\n\n\n<p>Ihre Daten werden gel\u00f6scht, sofern Ihre Anfrage abschlie\u00dfend beantwortet worden ist und der L\u00f6schung keine gesetzlichen Aufbewahrungspflichten entgegenstehen, wie bspw. bei einer sich etwaig anschlie\u00dfenden Vertragsabwicklung.<\/p>\n","protected":false},"excerpt":{"rendered":"<p>Wer wir sind Verantwortlicher Anbieter dieses Internetauftritts im datenschutzrechtlichen Sinne ist: ElementraumCornelia KleinErlenhainstr. 4a90427 N\u00fcrnbergcornelia@elementraum.de Allgemeine Gesch\u00e4ftsbedingungen (AGB) Die nachstehenden allgemeinen Gesch\u00e4ftsbedingungen (AGB) gelten f\u00fcr kostenlose und kostenpflichtige Angebote (siehe Punkt 2) des Veranstalters: ElementraumCornelia KleinErlenhainstr. 4a90427 N\u00fcrnberg Tel: 0171 420 88 80info@elementraum.de Im Interesse der Lesbarkeit wurde bei den vorliegenden AGB auf geschlechtsbezogene Formulierungen &hellip; <\/p>\n<p class=\"link-more\"><a href=\"https:\/\/elementraum.de\/?page_id=125\" class=\"more-link\"><span class=\"screen-reader-text\">\u201eAGB + Datenschutzerkl\u00e4rung\u201c<\/span> weiterlesen<\/a><\/p>\n","protected":false},"author":1,"featured_media":0,"parent":0,"menu_order":0,"comment_status":"closed","ping_status":"closed","template":"","meta":{"footnotes":""},"class_list":["post-125","page","type-page","status-publish","hentry"],"_links":{"self":[{"href":"https:\/\/elementraum.de\/index.php?rest_route=\/wp\/v2\/pages\/125","targetHints":{"allow":["GET"]}}],"collection":[{"href":"https:\/\/elementraum.de\/index.php?rest_route=\/wp\/v2\/pages"}],"about":[{"href":"https:\/\/elementraum.de\/index.php?rest_route=\/wp\/v2\/types\/page"}],"author":[{"embeddable":true,"href":"https:\/\/elementraum.de\/index.php?rest_route=\/wp\/v2\/users\/1"}],"replies":[{"embeddable":true,"href":"https:\/\/elementraum.de\/index.php?rest_route=%2Fwp%2Fv2%2Fcomments&post=125"}],"version-history":[{"count":11,"href":"https:\/\/elementraum.de\/index.php?rest_route=\/wp\/v2\/pages\/125\/revisions"}],"predecessor-version":[{"id":602,"href":"https:\/\/elementraum.de\/index.php?rest_route=\/wp\/v2\/pages\/125\/revisions\/602"}],"wp:attachment":[{"href":"https:\/\/elementraum.de\/index.php?rest_route=%2Fwp%2Fv2%2Fmedia&parent=125"}],"curies":[{"name":"wp","href":"https:\/\/api.w.org\/{rel}","templated":true}]}}