{"id":116,"date":"2019-12-30T19:18:33","date_gmt":"2019-12-30T19:18:33","guid":{"rendered":"http:\/\/elementraum.de\/?page_id=116"},"modified":"2026-01-23T17:19:12","modified_gmt":"2026-01-23T16:19:12","slug":"angebote","status":"publish","type":"page","link":"https:\/\/elementraum.de\/?page_id=116","title":{"rendered":"Termine \/ Angebote"},"content":{"rendered":"\n<figure class=\"wp-block-image size-full\"><img loading=\"lazy\" decoding=\"async\" width=\"792\" height=\"720\" src=\"https:\/\/elementraum.de\/wp-content\/uploads\/2025\/11\/Familienaufstellungen_2.1-1.jpg\" alt=\"\" class=\"wp-image-525\" style=\"aspect-ratio:1.0999891124863446\" srcset=\"https:\/\/elementraum.de\/wp-content\/uploads\/2025\/11\/Familienaufstellungen_2.1-1.jpg 792w, https:\/\/elementraum.de\/wp-content\/uploads\/2025\/11\/Familienaufstellungen_2.1-1-300x273.jpg 300w, https:\/\/elementraum.de\/wp-content\/uploads\/2025\/11\/Familienaufstellungen_2.1-1-768x698.jpg 768w\" sizes=\"auto, (max-width: 706px) 89vw, (max-width: 767px) 82vw, 740px\" \/><\/figure>\n\n\n\n<p><strong>Termine:<\/strong> siehe <a href=\"https:\/\/elementraum.de\/?page_id=209\" data-type=\"page\" data-id=\"209\">Familienaufstellung<\/a><\/p>\n\n\n\n<figure class=\"wp-block-image size-full\"><img loading=\"lazy\" decoding=\"async\" width=\"793\" height=\"720\" src=\"https:\/\/elementraum.de\/wp-content\/uploads\/2025\/11\/Meditation_1-1.jpg\" alt=\"\" class=\"wp-image-523\" srcset=\"https:\/\/elementraum.de\/wp-content\/uploads\/2025\/11\/Meditation_1-1.jpg 793w, https:\/\/elementraum.de\/wp-content\/uploads\/2025\/11\/Meditation_1-1-300x272.jpg 300w, https:\/\/elementraum.de\/wp-content\/uploads\/2025\/11\/Meditation_1-1-768x697.jpg 768w\" sizes=\"auto, (max-width: 706px) 89vw, (max-width: 767px) 82vw, 740px\" \/><\/figure>\n\n\n\n<figure class=\"wp-block-image size-large\"><img loading=\"lazy\" decoding=\"async\" width=\"683\" height=\"1024\" src=\"https:\/\/elementraum.de\/wp-content\/uploads\/2026\/01\/Kraeuter_ChatGPT_2026.1-683x1024.png\" alt=\"\" class=\"wp-image-542\" srcset=\"https:\/\/elementraum.de\/wp-content\/uploads\/2026\/01\/Kraeuter_ChatGPT_2026.1-683x1024.png 683w, https:\/\/elementraum.de\/wp-content\/uploads\/2026\/01\/Kraeuter_ChatGPT_2026.1-200x300.png 200w, https:\/\/elementraum.de\/wp-content\/uploads\/2026\/01\/Kraeuter_ChatGPT_2026.1-768x1152.png 768w, https:\/\/elementraum.de\/wp-content\/uploads\/2026\/01\/Kraeuter_ChatGPT_2026.1.png 1024w\" sizes=\"auto, (max-width: 683px) 100vw, 683px\" \/><\/figure>\n\n\n\n<p><strong>Termine:<\/strong> siehe <a href=\"https:\/\/elementraum.de\/?page_id=264\" data-type=\"page\" data-id=\"264\">Wildkr\u00e4uter<\/a><\/p>\n\n\n\n<figure class=\"wp-block-image size-large\"><img loading=\"lazy\" decoding=\"async\" width=\"2560\" height=\"1921\" src=\"https:\/\/elementraum.de\/wp-content\/uploads\/2026\/01\/Schamanisches_Arbeiten.2.1-1-edited-scaled.jpg\" alt=\"\" class=\"wp-image-577\" srcset=\"https:\/\/elementraum.de\/wp-content\/uploads\/2026\/01\/Schamanisches_Arbeiten.2.1-1-edited-scaled.jpg 2560w, https:\/\/elementraum.de\/wp-content\/uploads\/2026\/01\/Schamanisches_Arbeiten.2.1-1-edited-300x225.jpg 300w, https:\/\/elementraum.de\/wp-content\/uploads\/2026\/01\/Schamanisches_Arbeiten.2.1-1-edited-1024x769.jpg 1024w, https:\/\/elementraum.de\/wp-content\/uploads\/2026\/01\/Schamanisches_Arbeiten.2.1-1-edited-768x576.jpg 768w, https:\/\/elementraum.de\/wp-content\/uploads\/2026\/01\/Schamanisches_Arbeiten.2.1-1-edited-1536x1153.jpg 1536w, https:\/\/elementraum.de\/wp-content\/uploads\/2026\/01\/Schamanisches_Arbeiten.2.1-1-edited-2048x1537.jpg 2048w\" sizes=\"auto, (max-width: 706px) 89vw, (max-width: 767px) 82vw, 740px\" \/><\/figure>\n\n\n\n<p><strong>Terminanfragen und Buchungen bitte per Mail oder Telefon<\/strong><\/p>\n\n\n\n<figure class=\"wp-block-image size-large\"><img loading=\"lazy\" decoding=\"async\" width=\"724\" height=\"1024\" src=\"https:\/\/elementraum.de\/wp-content\/uploads\/2025\/11\/Rauhnaechte_Flyer-724x1024.jpg\" alt=\"\" class=\"wp-image-509\" srcset=\"https:\/\/elementraum.de\/wp-content\/uploads\/2025\/11\/Rauhnaechte_Flyer-724x1024.jpg 724w, https:\/\/elementraum.de\/wp-content\/uploads\/2025\/11\/Rauhnaechte_Flyer-212x300.jpg 212w, https:\/\/elementraum.de\/wp-content\/uploads\/2025\/11\/Rauhnaechte_Flyer-768x1086.jpg 768w, https:\/\/elementraum.de\/wp-content\/uploads\/2025\/11\/Rauhnaechte_Flyer-1086x1536.jpg 1086w, https:\/\/elementraum.de\/wp-content\/uploads\/2025\/11\/Rauhnaechte_Flyer-1448x2048.jpg 1448w, https:\/\/elementraum.de\/wp-content\/uploads\/2025\/11\/Rauhnaechte_Flyer.jpg 1653w\" sizes=\"auto, (max-width: 724px) 100vw, 724px\" \/><\/figure>\n\n\n\n<p><em>Das sagen Teilnehmer der Rauhn\u00e4chte:<br><\/em><br><em>Vielen herzlichen Dank f\u00fcr Deine wunderbare Begleitung durch die Rauhn\u00e4chte!! Mir haben Deine Impulse und die Meditationen sehr gut gefallen und auch sehr gut getan, mein Innenleben ist gut aufger\u00e4umt und bereit f\u00fcr neue Abenteuer in 2026 &#x1f603;<\/em> <em>(U. aus S.)<\/em><br><br><em>Danke f\u00fcr die tolle Begleitung und diesen transformativen Prozess zum Jahres\u00fcbergang. (N. aus Z.)<\/em><br><br><em>Ich wollte mich noch f\u00fcr die sch\u00f6ne Begleitung in den Rauhn\u00e4chten bedanken. Ich liebe die R\u00e4uchermischungen. (D. aus H.)<\/em><br><br><em>Danke f\u00fcr deine wundervolle Begleitung in den Rauhn\u00e4chten. Ich fand die Meditationen so wundervoll gesprochen und inhaltlich total ber\u00fchrend. (B. aus C.)<\/em><\/p>\n\n\n\n<p><\/p>\n","protected":false},"excerpt":{"rendered":"<p>Termine: siehe Familienaufstellung Termine: siehe Wildkr\u00e4uter Terminanfragen und Buchungen bitte per Mail oder Telefon Das sagen Teilnehmer der Rauhn\u00e4chte:Vielen herzlichen Dank f\u00fcr Deine wunderbare Begleitung durch die Rauhn\u00e4chte!! Mir haben Deine Impulse und die Meditationen sehr gut gefallen und auch sehr gut getan, mein Innenleben ist gut aufger\u00e4umt und bereit f\u00fcr neue Abenteuer in 2026 &hellip; <\/p>\n<p class=\"link-more\"><a href=\"https:\/\/elementraum.de\/?page_id=116\" class=\"more-link\"><span class=\"screen-reader-text\">\u201eTermine \/ Angebote\u201c<\/span> weiterlesen<\/a><\/p>\n","protected":false},"author":1,"featured_media":0,"parent":0,"menu_order":0,"comment_status":"closed","ping_status":"closed","template":"","meta":{"footnotes":""},"class_list":["post-116","page","type-page","status-publish","hentry"],"_links":{"self":[{"href":"https:\/\/elementraum.de\/index.php?rest_route=\/wp\/v2\/pages\/116","targetHints":{"allow":["GET"]}}],"collection":[{"href":"https:\/\/elementraum.de\/index.php?rest_route=\/wp\/v2\/pages"}],"about":[{"href":"https:\/\/elementraum.de\/index.php?rest_route=\/wp\/v2\/types\/page"}],"author":[{"embeddable":true,"href":"https:\/\/elementraum.de\/index.php?rest_route=\/wp\/v2\/users\/1"}],"replies":[{"embeddable":true,"href":"https:\/\/elementraum.de\/index.php?rest_route=%2Fwp%2Fv2%2Fcomments&post=116"}],"version-history":[{"count":55,"href":"https:\/\/elementraum.de\/index.php?rest_route=\/wp\/v2\/pages\/116\/revisions"}],"predecessor-version":[{"id":579,"href":"https:\/\/elementraum.de\/index.php?rest_route=\/wp\/v2\/pages\/116\/revisions\/579"}],"wp:attachment":[{"href":"https:\/\/elementraum.de\/index.php?rest_route=%2Fwp%2Fv2%2Fmedia&parent=116"}],"curies":[{"name":"wp","href":"https:\/\/api.w.org\/{rel}","templated":true}]}}